{"id":8658,"date":"2024-11-19T13:04:17","date_gmt":"2024-11-19T12:04:17","guid":{"rendered":"https:\/\/theindoorjumpingclub.com\/?page_id=8658"},"modified":"2025-04-28T19:03:53","modified_gmt":"2025-04-28T17:03:53","slug":"mapa-sitio","status":"publish","type":"page","link":"https:\/\/theindoorjumpingclub.com\/es\/lleida\/mapa-sitio\/","title":{"rendered":"MAPA DEL SITIO LLEIDA"},"content":{"rendered":"\t\t<div data-elementor-type=\"wp-page\" data-elementor-id=\"8658\" class=\"elementor elementor-8658 elementor-6437\" data-elementor-post-type=\"page\">\n\t\t\t\t<div class=\"elementor-element elementor-element-74f27aba e-flex e-con-boxed e-con e-parent\" data-id=\"74f27aba\" data-element_type=\"container\" data-e-type=\"container\">\n\t\t\t\t\t<div class=\"e-con-inner\">\n\t\t\t\t<div class=\"elementor-element elementor-element-41100d65 elementor-widget elementor-widget-heading\" data-id=\"41100d65\" data-element_type=\"widget\" data-e-type=\"widget\" data-widget_type=\"heading.default\">\n\t\t\t\t<div class=\"elementor-widget-container\">\n\t\t\t\t\t<h1 class=\"elementor-heading-title elementor-size-default\">MAPA DEL SITIO LLEIDA<\/h1>\t\t\t\t<\/div>\n\t\t\t\t<\/div>\n\t\t\t\t\t<\/div>\n\t\t\t\t<\/div>\n\t\t<div class=\"elementor-element elementor-element-49a96218 e-flex e-con-boxed e-con e-parent\" data-id=\"49a96218\" data-element_type=\"container\" data-e-type=\"container\">\n\t\t\t\t\t<div class=\"e-con-inner\">\n\t\t<div class=\"elementor-element elementor-element-7b885cbf e-con-full e-flex e-con e-child\" data-id=\"7b885cbf\" data-element_type=\"container\" data-e-type=\"container\" data-settings=\"{&quot;background_background&quot;:&quot;classic&quot;}\">\n\t\t\t\t<div class=\"elementor-element elementor-element-1edf03e7 elementor-widget elementor-widget-text-editor\" data-id=\"1edf03e7\" data-element_type=\"widget\" data-e-type=\"widget\" data-widget_type=\"text-editor.default\">\n\t\t\t\t<div class=\"elementor-widget-container\">\n\t\t\t\t\t\t\t\t\t<p><a href=\"https:\/\/theindoorjumpingclub.com\/es\/lleida\/zona-jumpers-camas-elasticas\/\">Zona Jumpers<\/a><\/p><p><a href=\"https:\/\/theindoorjumpingclub.com\/es\/lleida\/fiestas-infantiles\/\">Fiesta de cumplea\u00f1os<\/a><\/p><p><a href=\"https:\/\/theindoorjumpingclub.com\/es\/lleida\/escuelas-casals-campus\/\">Escuelas, casales y campus<\/a><\/p><p><a href=\"https:\/\/theindoorjumpingclub.com\/es\/lleida\/empresas-y-alquiler-espacios\/\">Empresas y alquiler de espacios<\/a><\/p><p><a href=\"https:\/\/theindoorjumpingclub.com\/es\/lleida\/horarios-y-precios\/\">Horarios y precios<\/a><\/p>\t\t\t\t\t\t\t\t<\/div>\n\t\t\t\t<\/div>\n\t\t\t\t<\/div>\n\t\t<div class=\"elementor-element elementor-element-7ca4dc9 e-con-full e-flex e-con e-child\" data-id=\"7ca4dc9\" data-element_type=\"container\" data-e-type=\"container\" data-settings=\"{&quot;background_background&quot;:&quot;classic&quot;}\">\n\t\t\t\t<div class=\"elementor-element elementor-element-2ee9f12d elementor-widget elementor-widget-text-editor\" data-id=\"2ee9f12d\" data-element_type=\"widget\" data-e-type=\"widget\" data-widget_type=\"text-editor.default\">\n\t\t\t\t<div class=\"elementor-widget-container\">\n\t\t\t\t\t\t\t\t\t<p><a href=\"https:\/\/theindoorjumpingclub.com\/es\/lleida\/beneficios-del-salto\/\">Beneficios de saltar<\/a><\/p><p><a href=\"https:\/\/theindoorjumpingclub.com\/es\/lleida\/salto-seguro\/\">Salto seguro<\/a><\/p><p><a href=\"https:\/\/theindoorjumpingclub.com\/es\/lleida\/faq\/\">FAQ<\/a><\/p><p><a href=\"https:\/\/theindoorjumpingclub.com\/es\/lleida\/contacto\/\">Contacto<\/a><\/p><p><a href=\"https:\/\/theindoorjumpingclub.com\/es\/lleida\/quienes-somos-the-indoor-jumping-club\/\">\u00bfQui\u00e9nes somos?<\/a><\/p>\t\t\t\t\t\t\t\t<\/div>\n\t\t\t\t<\/div>\n\t\t\t\t<\/div>\n\t\t<div class=\"elementor-element elementor-element-761251d3 e-con-full e-flex e-con e-child\" data-id=\"761251d3\" data-element_type=\"container\" data-e-type=\"container\" data-settings=\"{&quot;background_background&quot;:&quot;classic&quot;}\">\n\t\t\t\t<div class=\"elementor-element elementor-element-15aae1ef elementor-widget elementor-widget-text-editor\" data-id=\"15aae1ef\" data-element_type=\"widget\" data-e-type=\"widget\" data-widget_type=\"text-editor.default\">\n\t\t\t\t<div class=\"elementor-widget-container\">\n\t\t\t\t\t\t\t\t\t<p><a href=\"https:\/\/theindoorjumpingclub.com\/es\/lleida\/aviso-legal\/\">Aviso legal<\/a><\/p><p><a href=\"https:\/\/theindoorjumpingclub.com\/es\/lleida\/politica-privacidad\/\">Pol\u00edtica de privacidad<\/a><\/p><p><a href=\"https:\/\/theindoorjumpingclub.com\/es\/lleida\/politica-de-cookies\/\">Pol\u00edtica de cookies<\/a><\/p><p><a href=\"https:\/\/theindoorjumpingclub.com\/lleida\/politica-de-vendes-i-devolucions\/\">Pol\u00edtica de ventas y devoluciones<\/a><\/p>\t\t\t\t\t\t\t\t<\/div>\n\t\t\t\t<\/div>\n\t\t\t\t<\/div>\n\t\t\t\t\t<\/div>\n\t\t\t\t<\/div>\n\t\t\t\t<\/div>\n\t\t","protected":false},"excerpt":{"rendered":"<p>MAPA DEL SITIO LLEIDA Zona Jumpers Fiesta de cumplea\u00f1os Escuelas, casales y campus Empresas y alquiler de espacios Horarios y precios Beneficios de saltar Salto seguro FAQ Contacto \u00bfQui\u00e9nes somos? Aviso legal Pol\u00edtica de privacidad Pol\u00edtica de cookies Pol\u00edtica de ventas y devoluciones<\/p>\n","protected":false},"author":2,"featured_media":0,"parent":1370,"menu_order":0,"comment_status":"closed","ping_status":"closed","template":"","meta":{"footnotes":""},"class_list":["post-8658","page","type-page","status-publish","hentry"],"yoast_head":"<!-- This site is optimized with the Yoast SEO plugin v27.1.1 - https:\/\/yoast.com\/product\/yoast-seo-wordpress\/ -->\n<title>Mapa del sitio | The Indoor Jumping Club Lleida<\/title>\n<meta name=\"robots\" content=\"index, follow, max-snippet:-1, max-image-preview:large, max-video-preview:-1\" \/>\n<link rel=\"canonical\" href=\"https:\/\/theindoorjumpingclub.com\/es\/lleida\/mapa-sitio\/\" \/>\n<meta property=\"og:locale\" content=\"es_ES\" \/>\n<meta property=\"og:type\" content=\"article\" \/>\n<meta property=\"og:title\" content=\"Mapa del sitio | The Indoor Jumping Club Lleida\" \/>\n<meta property=\"og:description\" content=\"MAPA DEL SITIO LLEIDA Zona Jumpers Fiesta de cumplea\u00f1os Escuelas, casales y campus Empresas y alquiler de espacios Horarios y precios Beneficios de saltar Salto seguro FAQ Contacto \u00bfQui\u00e9nes somos? Aviso legal Pol\u00edtica de privacidad Pol\u00edtica de cookies Pol\u00edtica de ventas y devoluciones\" \/>\n<meta property=\"og:url\" content=\"https:\/\/theindoorjumpingclub.com\/es\/lleida\/mapa-sitio\/\" \/>\n<meta property=\"og:site_name\" content=\"The Indoor Jumping Club\" \/>\n<meta property=\"article:modified_time\" content=\"2025-04-28T17:03:53+00:00\" \/>\n<meta name=\"twitter:card\" content=\"summary_large_image\" \/>\n<meta name=\"twitter:label1\" content=\"Tiempo de lectura\" \/>\n\t<meta name=\"twitter:data1\" content=\"1 minuto\" \/>\n<script type=\"application\/ld+json\" class=\"yoast-schema-graph\">{\"@context\":\"https:\/\/schema.org\",\"@graph\":[{\"@type\":\"WebPage\",\"@id\":\"https:\/\/theindoorjumpingclub.com\/es\/lleida\/mapa-sitio\/\",\"url\":\"https:\/\/theindoorjumpingclub.com\/es\/lleida\/mapa-sitio\/\",\"name\":\"Mapa del sitio | The Indoor Jumping Club Lleida\",\"isPartOf\":{\"@id\":\"https:\/\/theindoorjumpingclub.com\/es\/#website\"},\"datePublished\":\"2024-11-19T12:04:17+00:00\",\"dateModified\":\"2025-04-28T17:03:53+00:00\",\"breadcrumb\":{\"@id\":\"https:\/\/theindoorjumpingclub.com\/es\/lleida\/mapa-sitio\/#breadcrumb\"},\"inLanguage\":\"es\",\"potentialAction\":[{\"@type\":\"ReadAction\",\"target\":[\"https:\/\/theindoorjumpingclub.com\/es\/lleida\/mapa-sitio\/\"]}]},{\"@type\":\"BreadcrumbList\",\"@id\":\"https:\/\/theindoorjumpingclub.com\/es\/lleida\/mapa-sitio\/#breadcrumb\",\"itemListElement\":[{\"@type\":\"ListItem\",\"position\":1,\"name\":\"Home\",\"item\":\"https:\/\/theindoorjumpingclub.com\/es\/\"},{\"@type\":\"ListItem\",\"position\":2,\"name\":\"HOME LLEIDA &#8211; ES &#8211; NEW\",\"item\":\"https:\/\/theindoorjumpingclub.com\/es\/lleida\/\"},{\"@type\":\"ListItem\",\"position\":3,\"name\":\"MAPA DEL SITIO LLEIDA\"}]},{\"@type\":\"WebSite\",\"@id\":\"https:\/\/theindoorjumpingclub.com\/es\/#website\",\"url\":\"https:\/\/theindoorjumpingclub.com\/es\/\",\"name\":\"The Indoor Jumping Club\",\"description\":\"\u00a1El teu trampoline park!\",\"publisher\":{\"@id\":\"https:\/\/theindoorjumpingclub.com\/es\/#organization\"},\"potentialAction\":[{\"@type\":\"SearchAction\",\"target\":{\"@type\":\"EntryPoint\",\"urlTemplate\":\"https:\/\/theindoorjumpingclub.com\/es\/?s={search_term_string}\"},\"query-input\":{\"@type\":\"PropertyValueSpecification\",\"valueRequired\":true,\"valueName\":\"search_term_string\"}}],\"inLanguage\":\"es\"},{\"@type\":\"Organization\",\"@id\":\"https:\/\/theindoorjumpingclub.com\/es\/#organization\",\"name\":\"The Indoor Jumping Club\",\"url\":\"https:\/\/theindoorjumpingclub.com\/es\/\",\"logo\":{\"@type\":\"ImageObject\",\"inLanguage\":\"es\",\"@id\":\"https:\/\/theindoorjumpingclub.com\/es\/#\/schema\/logo\/image\/\",\"url\":\"https:\/\/theindoorjumpingclub.com\/wp-content\/uploads\/2024\/10\/logo-jumping-indoor.png\",\"contentUrl\":\"https:\/\/theindoorjumpingclub.com\/wp-content\/uploads\/2024\/10\/logo-jumping-indoor.png\",\"width\":180,\"height\":66,\"caption\":\"The Indoor Jumping Club\"},\"image\":{\"@id\":\"https:\/\/theindoorjumpingclub.com\/es\/#\/schema\/logo\/image\/\"}}]}<\/script>\n<!-- \/ Yoast SEO plugin. -->","yoast_head_json":{"title":"Mapa del sitio | The Indoor Jumping Club Lleida","robots":{"index":"index","follow":"follow","max-snippet":"max-snippet:-1","max-image-preview":"max-image-preview:large","max-video-preview":"max-video-preview:-1"},"canonical":"https:\/\/theindoorjumpingclub.com\/es\/lleida\/mapa-sitio\/","og_locale":"es_ES","og_type":"article","og_title":"Mapa del sitio | The Indoor Jumping Club Lleida","og_description":"MAPA DEL SITIO LLEIDA Zona Jumpers Fiesta de cumplea\u00f1os Escuelas, casales y campus Empresas y alquiler de espacios Horarios y precios Beneficios de saltar Salto seguro FAQ Contacto \u00bfQui\u00e9nes somos? Aviso legal Pol\u00edtica de privacidad Pol\u00edtica de cookies Pol\u00edtica de ventas y devoluciones","og_url":"https:\/\/theindoorjumpingclub.com\/es\/lleida\/mapa-sitio\/","og_site_name":"The Indoor Jumping Club","article_modified_time":"2025-04-28T17:03:53+00:00","twitter_card":"summary_large_image","twitter_misc":{"Tiempo de lectura":"1 minuto"},"schema":{"@context":"https:\/\/schema.org","@graph":[{"@type":"WebPage","@id":"https:\/\/theindoorjumpingclub.com\/es\/lleida\/mapa-sitio\/","url":"https:\/\/theindoorjumpingclub.com\/es\/lleida\/mapa-sitio\/","name":"Mapa del sitio | The Indoor Jumping Club Lleida","isPartOf":{"@id":"https:\/\/theindoorjumpingclub.com\/es\/#website"},"datePublished":"2024-11-19T12:04:17+00:00","dateModified":"2025-04-28T17:03:53+00:00","breadcrumb":{"@id":"https:\/\/theindoorjumpingclub.com\/es\/lleida\/mapa-sitio\/#breadcrumb"},"inLanguage":"es","potentialAction":[{"@type":"ReadAction","target":["https:\/\/theindoorjumpingclub.com\/es\/lleida\/mapa-sitio\/"]}]},{"@type":"BreadcrumbList","@id":"https:\/\/theindoorjumpingclub.com\/es\/lleida\/mapa-sitio\/#breadcrumb","itemListElement":[{"@type":"ListItem","position":1,"name":"Home","item":"https:\/\/theindoorjumpingclub.com\/es\/"},{"@type":"ListItem","position":2,"name":"HOME LLEIDA &#8211; ES &#8211; NEW","item":"https:\/\/theindoorjumpingclub.com\/es\/lleida\/"},{"@type":"ListItem","position":3,"name":"MAPA DEL SITIO LLEIDA"}]},{"@type":"WebSite","@id":"https:\/\/theindoorjumpingclub.com\/es\/#website","url":"https:\/\/theindoorjumpingclub.com\/es\/","name":"The Indoor Jumping Club","description":"\u00a1El teu trampoline park!","publisher":{"@id":"https:\/\/theindoorjumpingclub.com\/es\/#organization"},"potentialAction":[{"@type":"SearchAction","target":{"@type":"EntryPoint","urlTemplate":"https:\/\/theindoorjumpingclub.com\/es\/?s={search_term_string}"},"query-input":{"@type":"PropertyValueSpecification","valueRequired":true,"valueName":"search_term_string"}}],"inLanguage":"es"},{"@type":"Organization","@id":"https:\/\/theindoorjumpingclub.com\/es\/#organization","name":"The Indoor Jumping Club","url":"https:\/\/theindoorjumpingclub.com\/es\/","logo":{"@type":"ImageObject","inLanguage":"es","@id":"https:\/\/theindoorjumpingclub.com\/es\/#\/schema\/logo\/image\/","url":"https:\/\/theindoorjumpingclub.com\/wp-content\/uploads\/2024\/10\/logo-jumping-indoor.png","contentUrl":"https:\/\/theindoorjumpingclub.com\/wp-content\/uploads\/2024\/10\/logo-jumping-indoor.png","width":180,"height":66,"caption":"The Indoor Jumping Club"},"image":{"@id":"https:\/\/theindoorjumpingclub.com\/es\/#\/schema\/logo\/image\/"}}]}},"_links":{"self":[{"href":"https:\/\/theindoorjumpingclub.com\/es\/wp-json\/wp\/v2\/pages\/8658","targetHints":{"allow":["GET"]}}],"collection":[{"href":"https:\/\/theindoorjumpingclub.com\/es\/wp-json\/wp\/v2\/pages"}],"about":[{"href":"https:\/\/theindoorjumpingclub.com\/es\/wp-json\/wp\/v2\/types\/page"}],"author":[{"embeddable":true,"href":"https:\/\/theindoorjumpingclub.com\/es\/wp-json\/wp\/v2\/users\/2"}],"replies":[{"embeddable":true,"href":"https:\/\/theindoorjumpingclub.com\/es\/wp-json\/wp\/v2\/comments?post=8658"}],"version-history":[{"count":19,"href":"https:\/\/theindoorjumpingclub.com\/es\/wp-json\/wp\/v2\/pages\/8658\/revisions"}],"predecessor-version":[{"id":16393,"href":"https:\/\/theindoorjumpingclub.com\/es\/wp-json\/wp\/v2\/pages\/8658\/revisions\/16393"}],"up":[{"embeddable":true,"href":"https:\/\/theindoorjumpingclub.com\/es\/wp-json\/wp\/v2\/pages\/1370"}],"wp:attachment":[{"href":"https:\/\/theindoorjumpingclub.com\/es\/wp-json\/wp\/v2\/media?parent=8658"}],"curies":[{"name":"wp","href":"https:\/\/api.w.org\/{rel}","templated":true}]}}