{"id":8649,"date":"2024-11-19T13:00:34","date_gmt":"2024-11-19T12:00:34","guid":{"rendered":"https:\/\/theindoorjumpingclub.com\/?page_id=8649"},"modified":"2025-09-12T13:12:55","modified_gmt":"2025-09-12T11:12:55","slug":"aviso-legal","status":"publish","type":"page","link":"https:\/\/theindoorjumpingclub.com\/es\/lleida\/aviso-legal\/","title":{"rendered":"Aviso legal &#8211; LLEIDA &#8211; ES"},"content":{"rendered":"\t\t<div data-elementor-type=\"wp-page\" data-elementor-id=\"8649\" class=\"elementor elementor-8649 elementor-6419\" data-elementor-post-type=\"page\">\n\t\t\t\t<div class=\"elementor-element elementor-element-2e879c66 e-flex e-con-boxed e-con e-parent\" data-id=\"2e879c66\" data-element_type=\"container\" data-e-type=\"container\">\n\t\t\t\t\t<div class=\"e-con-inner\">\n\t\t\t\t<div class=\"elementor-element elementor-element-4484cea elementor-widget elementor-widget-heading\" data-id=\"4484cea\" data-element_type=\"widget\" data-e-type=\"widget\" data-widget_type=\"heading.default\">\n\t\t\t\t<div class=\"elementor-widget-container\">\n\t\t\t\t\t<h1 class=\"elementor-heading-title elementor-size-default\">AVISO LEGAL LLEIDA<\/h1>\t\t\t\t<\/div>\n\t\t\t\t<\/div>\n\t\t\t\t<div class=\"elementor-element elementor-element-361abf8a elementor-widget elementor-widget-text-editor\" data-id=\"361abf8a\" data-element_type=\"widget\" data-e-type=\"widget\" data-widget_type=\"text-editor.default\">\n\t\t\t\t<div class=\"elementor-widget-container\">\n\t\t\t\t\t\t\t\t\t<p>SPORTS &amp; LEISURE MANAGEMENT, S.L., con domicilio en RAMBLA GUIP\u00daSCOA 23-25 BAIXOS, Barcelona, 08018, ESPA\u00d1A, tel\u00e9fono 930 000 759, provisto de C.I.F. B-66785130 inscrita en el Registre Mercantil de Barcelona, volumen 45500, folio 125, hoja n\u00famero 489922, inscripci\u00f3n 1\u00aa (en adelante \u00abCET10\u00bb).<\/p>\n<p>El presente aviso legal regula el acceso y el uso del servicio del sitio web (en adelante, el \u00abSitio Web\u00bb) que CET10 pone a disposici\u00f3n de los usuarios de Internet interesados en sus servicios y contenidos relacionados con los servicios e instalaciones deportivas (en adelante, los \u00abUsuarios\u00bb).<\/p>\n<p>Este sitio web cumple con lo establecido en la Ley 34\/2002, de 11 de julio, de Servicios de la Sociedad de la Informaci\u00f3n y de Comercio Electr\u00f3nico y por el Reglamento (UE) 2016\/679, del Parlamento Europeo y del Consejo de 27 de abril de 2016. Para m\u00e1s informaci\u00f3n, visite nuestra&nbsp;<strong><a href=\"https:\/\/theindoorjumpingclub.com\/es\/lleida\/politica-privacidad\/\" rel=\"noopener\">Pol\u00edtica de Privacidad.<\/a>&nbsp;<\/strong><\/p>\n<p>CET10 podr\u00e1 alterar en cualquier momento y sin previo aviso, el dise\u00f1o, presentaci\u00f3n y \/ o configuraci\u00f3n del Sitio Web, as\u00ed como algunos o todos los servicios, y a\u00f1adir servicios nuevos.<\/p>\n<p>La utilizaci\u00f3n de este Sitio Web implica la plena aceptaci\u00f3n de las disposiciones incluidas en este Aviso en la versi\u00f3n publicada por CET10 en el momento en que el Usuario acceda al Sitio Web. Asimismo, CET10 pone en conocimiento de los Usuarios de este Sitio Web que estas Condiciones Generales de Uso pueden ser modificadas sin notificaci\u00f3n previa. En consecuencia, el Usuario debe leer atentamente el presente Aviso Legal en cada una de las ocasiones en que se proceda a utilizar el Sitio Web, ya que aquel puede sufrir modificaciones.<\/p>\n<p>La utilizaci\u00f3n de ciertos servicios ofrecidos a los Usuarios a trav\u00e9s del Sitio Web pueden encontrarse sometidas a condiciones particulares propias que, seg\u00fan los casos sustituyen, completan y \/ o modifican las presentes Condiciones Generales de Uso. Por lo tanto, con anterioridad a la utilizaci\u00f3n de estos servicios, el Usuario tambi\u00e9n ha de leer atentamente y aceptar asimismo las correspondientes condiciones particulares propias.<\/p>\t\t\t\t\t\t\t\t<\/div>\n\t\t\t\t<\/div>\n\t\t\t\t<div class=\"elementor-element elementor-element-130c9061 elementor-widget elementor-widget-heading\" data-id=\"130c9061\" data-element_type=\"widget\" data-e-type=\"widget\" data-widget_type=\"heading.default\">\n\t\t\t\t<div class=\"elementor-widget-container\">\n\t\t\t\t\t<p class=\"elementor-heading-title elementor-size-default\">CONDICIONES DE ACCESO Y USO DEL SITIO WEB<\/p>\t\t\t\t<\/div>\n\t\t\t\t<\/div>\n\t\t\t\t<div class=\"elementor-element elementor-element-4c71fc19 elementor-widget elementor-widget-text-editor\" data-id=\"4c71fc19\" data-element_type=\"widget\" data-e-type=\"widget\" data-widget_type=\"text-editor.default\">\n\t\t\t\t<div class=\"elementor-widget-container\">\n\t\t\t\t\t\t\t\t\t<p>El usuario se compromete a hacer un uso diligente del mismo y de los servicios accesibles desde este Sitio Web, con total sujeci\u00f3n a la ley, a las buenas costumbres y las presentes condiciones generales y, en su caso, condiciones particulares, as\u00ed como a mantener el debido respeto hacia los dem\u00e1s usuarios. Queda expresamente prohibido cualquier uso diferente a la finalidad de este Sitio Web.<\/p><p>En este sentido, el Usuario renunciar\u00e1 a utilizar cualquiera de los materiales e informaciones contenidos en este Sitio Web con fines il\u00edcitos y expresamente prohibidos en las presentes condiciones generales de uso as\u00ed como a las condiciones particulares que, en su caso, se habiliten y que resulten contrarias a los derechos e intereses de CET10, sus miembros y \/ o terceros, y deber\u00e1 responder frente a los mismos en caso de contravenir o incumplir dichas obligaciones y \/ o que, de cualquier modo (incluida la introducci\u00f3n o difusi\u00f3n de \u00abvirus inform\u00e1ticos\u00bb), da\u00f1e, inutilice, sobrecargue, deteriore o impida la normal utilizaci\u00f3n de los materiales e informaciones contenidas en el Sitio Web, los sistemas de informaci\u00f3n o los documentos, archivos y toda clase de contenidos almacenados en cualquier equipo inform\u00e1tico (hacking) de CET10, de sus miembros o de cualquier Usuario del Sitio Web. Con car\u00e1cter general, la prestaci\u00f3n de los servicios no exige la previa suscripci\u00f3n o registro de los usuarios. No obstante, CET10 condiciona el uso de algunos de los servicios a la previa cumplimentaci\u00f3n del correspondiente registro de usuario, seleccionando el identificador (ID o login) y la contrase\u00f1a que el Usuario se comprometa a conservar ya usar con la diligencia debida.<\/p><p>Toda la informaci\u00f3n que facilite el usuario mediante los servicios deber\u00e1 ser veraz. A estos efectos, el usuario garantiza la autenticidad de todos aquellos datos que comunique como consecuencia de la cumplimentaci\u00f3n de los formularios necesarios para la suscripci\u00f3n de los Servicios. De igual manera, ser\u00e1 responsabilidad del usuario mantener toda la informaci\u00f3n facilitada a CET10 permanentemente actualizada de forma que responda, en cada momento, a la situaci\u00f3n real del usuario. En todo caso, el usuario ser\u00e1 el \u00fanico responsable de las manifestaciones falsas o inexactas que realice y de los perjuicios que cause a CET10 o terceros por la informaci\u00f3n que facilite. De conformidad con la pol\u00edtica anti-spamming de CET10, el usuario se obliga a abstenerse de utilizar datos a partir de listas de distribuci\u00f3n a las que se pueda acceder mediante las informaciones y servicios contenidos en el Sitio Web para la realizaci\u00f3n de actividades con fines promocionales o publicitarios, as\u00ed como de remitir comunicaciones comerciales de cualquier clase y a trav\u00e9s de cualquier soporte no solicitado ni previamente consentido por CET10 y \/ o los interesados. El usuario que incumpla intencional o culpablemente cualquiera de las precedentes obligaciones responder\u00e1 de todos los da\u00f1os y perjuicios que cause.<\/p>\t\t\t\t\t\t\t\t<\/div>\n\t\t\t\t<\/div>\n\t\t\t\t<div class=\"elementor-element elementor-element-7a965f00 elementor-widget elementor-widget-heading\" data-id=\"7a965f00\" data-element_type=\"widget\" data-e-type=\"widget\" data-widget_type=\"heading.default\">\n\t\t\t\t<div class=\"elementor-widget-container\">\n\t\t\t\t\t<p class=\"elementor-heading-title elementor-size-default\">EXCLUSI\u00d3N DE GARANT\u00cdAS Y RESPONSABILIDAD<\/p>\t\t\t\t<\/div>\n\t\t\t\t<\/div>\n\t\t\t\t<div class=\"elementor-element elementor-element-6228ba52 elementor-widget elementor-widget-text-editor\" data-id=\"6228ba52\" data-element_type=\"widget\" data-e-type=\"widget\" data-widget_type=\"text-editor.default\">\n\t\t\t\t<div class=\"elementor-widget-container\">\n\t\t\t\t\t\t\t\t\t<p>Con excepci\u00f3n, aquellos casos expresamente descritos en las Condiciones generales de uso y el resto del marco normativo del Sitio Web, CET10 no se responsabiliza por los da\u00f1os y perjuicios de toda naturaleza que puedan deberse a la falta de exactitud, exhaustividad, actualidad, as\u00ed como a errores u omisiones de los que pudieran tener las informaciones y servicios contenidos en este Sitio Web u otros contenidos a los que se pueda acceder mediante el mismo ni asume ning\u00fan deber o compromiso de verificar ni de vigilar sus contenidos e informaciones. Asimismo, CET10 no garantiza la disponibilidad, continuidad ni la infalibilidad del funcionamiento del Sitio Web, y en consecuencia excluye, en la m\u00e1xima medida permitida por la legislaci\u00f3n vigente, cualquier responsabilidad por da\u00f1os y perjuicios de toda naturaleza que puedan deberse a la falta de disponibilidad o de continuidad del funcionamiento del Sitio Web y de los servicios habilitados en el mismo, as\u00ed como a los errores en el acceso a las diferentes p\u00e1ginas web o aquellas desde las que, en su caso, se presten dichos servicios. CET10 excluye cualquier responsabilidad por los da\u00f1os y perjuicios de toda \u00edndole que pudieran deberse a los servicios prestados por terceros a trav\u00e9s del Sitio Web as\u00ed como a los medios que estos habilitan para gestionar las solicitudes de servicio y, concretamente, a modo enunciativo y no limitativo: por los actos de competencia desleal y publicidad il\u00edcita como consecuencia de la prestaci\u00f3n de servicios por terceros a trav\u00e9s del Sitio Web, as\u00ed como la falta de veracidad, exactitud, exhaustividad, vicios, defectos, pertinencia y \/ o actualidad de los contenidos transmitidos, difundidos, almacenados, recibidos, obtenidos, puestos a disposici\u00f3n o accesibles mediante los servicios prestados por terceros a trav\u00e9s de este Sitio Web.<\/p>\t\t\t\t\t\t\t\t<\/div>\n\t\t\t\t<\/div>\n\t\t\t\t<div class=\"elementor-element elementor-element-767942c elementor-widget elementor-widget-heading\" data-id=\"767942c\" data-element_type=\"widget\" data-e-type=\"widget\" data-widget_type=\"heading.default\">\n\t\t\t\t<div class=\"elementor-widget-container\">\n\t\t\t\t\t<p class=\"elementor-heading-title elementor-size-default\">LEGISLACI\u00d3N APLICABLE<\/p>\t\t\t\t<\/div>\n\t\t\t\t<\/div>\n\t\t\t\t<div class=\"elementor-element elementor-element-7a1baea8 elementor-widget elementor-widget-text-editor\" data-id=\"7a1baea8\" data-element_type=\"widget\" data-e-type=\"widget\" data-widget_type=\"text-editor.default\">\n\t\t\t\t<div class=\"elementor-widget-container\">\n\t\t\t\t\t\t\t\t\t<p>Las condiciones generales de uso y dem\u00e1s condiciones legales del Sitio Web se rigen en todos y cada uno de sus extremos por la ley espa\u00f1ola.<\/p>\t\t\t\t\t\t\t\t<\/div>\n\t\t\t\t<\/div>\n\t\t\t\t\t<\/div>\n\t\t\t\t<\/div>\n\t\t<div class=\"elementor-element elementor-element-6861501b e-flex e-con-boxed e-con e-parent\" data-id=\"6861501b\" data-element_type=\"container\" data-e-type=\"container\">\n\t\t\t\t\t<div class=\"e-con-inner\">\n\t\t\t\t<div class=\"elementor-element elementor-element-46e04260 elementor-widget elementor-widget-html\" data-id=\"46e04260\" data-element_type=\"widget\" data-e-type=\"widget\" data-widget_type=\"html.default\">\n\t\t\t\t<div class=\"elementor-widget-container\">\n\t\t\t\t\t<style>\na {\ntext-decoration: none}\n\n <\/style>\t\t\t\t<\/div>\n\t\t\t\t<\/div>\n\t\t\t\t\t<\/div>\n\t\t\t\t<\/div>\n\t\t\t\t<\/div>\n\t\t","protected":false},"excerpt":{"rendered":"<p>AVISO LEGAL LLEIDA SPORTS &amp; LEISURE MANAGEMENT, S.L., con domicilio en RAMBLA GUIP\u00daSCOA 23-25 BAIXOS, Barcelona, 08018, ESPA\u00d1A, tel\u00e9fono 930 000 759, provisto de C.I.F. B-66785130 inscrita en el Registre Mercantil de Barcelona, volumen 45500, folio 125, hoja n\u00famero 489922, inscripci\u00f3n 1\u00aa (en adelante \u00abCET10\u00bb). El presente aviso legal regula el acceso y el uso&hellip;<\/p>\n","protected":false},"author":2,"featured_media":0,"parent":1370,"menu_order":0,"comment_status":"closed","ping_status":"closed","template":"","meta":{"footnotes":""},"class_list":["post-8649","page","type-page","status-publish","hentry"],"yoast_head":"<!-- This site is optimized with the Yoast SEO plugin v27.1.1 - https:\/\/yoast.com\/product\/yoast-seo-wordpress\/ -->\n<title>Aviso legal | The Indoor Jumping Club Lleida<\/title>\n<meta name=\"robots\" content=\"noindex, nofollow\" \/>\n<meta property=\"og:locale\" content=\"es_ES\" \/>\n<meta property=\"og:type\" content=\"article\" \/>\n<meta property=\"og:title\" content=\"Aviso legal | The Indoor Jumping Club Lleida\" \/>\n<meta property=\"og:description\" content=\"AVISO LEGAL LLEIDA SPORTS &amp; LEISURE MANAGEMENT, S.L., con domicilio en RAMBLA GUIP\u00daSCOA 23-25 BAIXOS, Barcelona, 08018, ESPA\u00d1A, tel\u00e9fono 930 000 759, provisto de C.I.F. B-66785130 inscrita en el Registre Mercantil de Barcelona, volumen 45500, folio 125, hoja n\u00famero 489922, inscripci\u00f3n 1\u00aa (en adelante \u00abCET10\u00bb). El presente aviso legal regula el acceso y el uso&hellip;\" \/>\n<meta property=\"og:url\" content=\"https:\/\/theindoorjumpingclub.com\/es\/lleida\/aviso-legal\/\" \/>\n<meta property=\"og:site_name\" content=\"The Indoor Jumping Club\" \/>\n<meta property=\"article:modified_time\" content=\"2025-09-12T11:12:55+00:00\" \/>\n<meta name=\"twitter:card\" content=\"summary_large_image\" \/>\n<meta name=\"twitter:label1\" content=\"Tiempo de lectura\" \/>\n\t<meta name=\"twitter:data1\" content=\"6 minutos\" \/>\n<script type=\"application\/ld+json\" class=\"yoast-schema-graph\">{\"@context\":\"https:\/\/schema.org\",\"@graph\":[{\"@type\":\"WebPage\",\"@id\":\"https:\/\/theindoorjumpingclub.com\/es\/lleida\/aviso-legal\/\",\"url\":\"https:\/\/theindoorjumpingclub.com\/es\/lleida\/aviso-legal\/\",\"name\":\"Aviso legal | The Indoor Jumping Club Lleida\",\"isPartOf\":{\"@id\":\"https:\/\/theindoorjumpingclub.com\/es\/#website\"},\"datePublished\":\"2024-11-19T12:00:34+00:00\",\"dateModified\":\"2025-09-12T11:12:55+00:00\",\"breadcrumb\":{\"@id\":\"https:\/\/theindoorjumpingclub.com\/es\/lleida\/aviso-legal\/#breadcrumb\"},\"inLanguage\":\"es\",\"potentialAction\":[{\"@type\":\"ReadAction\",\"target\":[\"https:\/\/theindoorjumpingclub.com\/es\/lleida\/aviso-legal\/\"]}]},{\"@type\":\"BreadcrumbList\",\"@id\":\"https:\/\/theindoorjumpingclub.com\/es\/lleida\/aviso-legal\/#breadcrumb\",\"itemListElement\":[{\"@type\":\"ListItem\",\"position\":1,\"name\":\"Home\",\"item\":\"https:\/\/theindoorjumpingclub.com\/es\/\"},{\"@type\":\"ListItem\",\"position\":2,\"name\":\"HOME LLEIDA &#8211; ES &#8211; NEW\",\"item\":\"https:\/\/theindoorjumpingclub.com\/es\/lleida\/\"},{\"@type\":\"ListItem\",\"position\":3,\"name\":\"Aviso legal &#8211; LLEIDA &#8211; ES\"}]},{\"@type\":\"WebSite\",\"@id\":\"https:\/\/theindoorjumpingclub.com\/es\/#website\",\"url\":\"https:\/\/theindoorjumpingclub.com\/es\/\",\"name\":\"The Indoor Jumping Club\",\"description\":\"\u00a1El teu trampoline park!\",\"publisher\":{\"@id\":\"https:\/\/theindoorjumpingclub.com\/es\/#organization\"},\"potentialAction\":[{\"@type\":\"SearchAction\",\"target\":{\"@type\":\"EntryPoint\",\"urlTemplate\":\"https:\/\/theindoorjumpingclub.com\/es\/?s={search_term_string}\"},\"query-input\":{\"@type\":\"PropertyValueSpecification\",\"valueRequired\":true,\"valueName\":\"search_term_string\"}}],\"inLanguage\":\"es\"},{\"@type\":\"Organization\",\"@id\":\"https:\/\/theindoorjumpingclub.com\/es\/#organization\",\"name\":\"The Indoor Jumping Club\",\"url\":\"https:\/\/theindoorjumpingclub.com\/es\/\",\"logo\":{\"@type\":\"ImageObject\",\"inLanguage\":\"es\",\"@id\":\"https:\/\/theindoorjumpingclub.com\/es\/#\/schema\/logo\/image\/\",\"url\":\"https:\/\/theindoorjumpingclub.com\/wp-content\/uploads\/2024\/10\/logo-jumping-indoor.png\",\"contentUrl\":\"https:\/\/theindoorjumpingclub.com\/wp-content\/uploads\/2024\/10\/logo-jumping-indoor.png\",\"width\":180,\"height\":66,\"caption\":\"The Indoor Jumping Club\"},\"image\":{\"@id\":\"https:\/\/theindoorjumpingclub.com\/es\/#\/schema\/logo\/image\/\"}}]}<\/script>\n<!-- \/ Yoast SEO plugin. -->","yoast_head_json":{"title":"Aviso legal | The Indoor Jumping Club Lleida","robots":{"index":"noindex","follow":"nofollow"},"og_locale":"es_ES","og_type":"article","og_title":"Aviso legal | The Indoor Jumping Club Lleida","og_description":"AVISO LEGAL LLEIDA SPORTS &amp; LEISURE MANAGEMENT, S.L., con domicilio en RAMBLA GUIP\u00daSCOA 23-25 BAIXOS, Barcelona, 08018, ESPA\u00d1A, tel\u00e9fono 930 000 759, provisto de C.I.F. B-66785130 inscrita en el Registre Mercantil de Barcelona, volumen 45500, folio 125, hoja n\u00famero 489922, inscripci\u00f3n 1\u00aa (en adelante \u00abCET10\u00bb). El presente aviso legal regula el acceso y el uso&hellip;","og_url":"https:\/\/theindoorjumpingclub.com\/es\/lleida\/aviso-legal\/","og_site_name":"The Indoor Jumping Club","article_modified_time":"2025-09-12T11:12:55+00:00","twitter_card":"summary_large_image","twitter_misc":{"Tiempo de lectura":"6 minutos"},"schema":{"@context":"https:\/\/schema.org","@graph":[{"@type":"WebPage","@id":"https:\/\/theindoorjumpingclub.com\/es\/lleida\/aviso-legal\/","url":"https:\/\/theindoorjumpingclub.com\/es\/lleida\/aviso-legal\/","name":"Aviso legal | The Indoor Jumping Club Lleida","isPartOf":{"@id":"https:\/\/theindoorjumpingclub.com\/es\/#website"},"datePublished":"2024-11-19T12:00:34+00:00","dateModified":"2025-09-12T11:12:55+00:00","breadcrumb":{"@id":"https:\/\/theindoorjumpingclub.com\/es\/lleida\/aviso-legal\/#breadcrumb"},"inLanguage":"es","potentialAction":[{"@type":"ReadAction","target":["https:\/\/theindoorjumpingclub.com\/es\/lleida\/aviso-legal\/"]}]},{"@type":"BreadcrumbList","@id":"https:\/\/theindoorjumpingclub.com\/es\/lleida\/aviso-legal\/#breadcrumb","itemListElement":[{"@type":"ListItem","position":1,"name":"Home","item":"https:\/\/theindoorjumpingclub.com\/es\/"},{"@type":"ListItem","position":2,"name":"HOME LLEIDA &#8211; ES &#8211; NEW","item":"https:\/\/theindoorjumpingclub.com\/es\/lleida\/"},{"@type":"ListItem","position":3,"name":"Aviso legal &#8211; LLEIDA &#8211; ES"}]},{"@type":"WebSite","@id":"https:\/\/theindoorjumpingclub.com\/es\/#website","url":"https:\/\/theindoorjumpingclub.com\/es\/","name":"The Indoor Jumping Club","description":"\u00a1El teu trampoline park!","publisher":{"@id":"https:\/\/theindoorjumpingclub.com\/es\/#organization"},"potentialAction":[{"@type":"SearchAction","target":{"@type":"EntryPoint","urlTemplate":"https:\/\/theindoorjumpingclub.com\/es\/?s={search_term_string}"},"query-input":{"@type":"PropertyValueSpecification","valueRequired":true,"valueName":"search_term_string"}}],"inLanguage":"es"},{"@type":"Organization","@id":"https:\/\/theindoorjumpingclub.com\/es\/#organization","name":"The Indoor Jumping Club","url":"https:\/\/theindoorjumpingclub.com\/es\/","logo":{"@type":"ImageObject","inLanguage":"es","@id":"https:\/\/theindoorjumpingclub.com\/es\/#\/schema\/logo\/image\/","url":"https:\/\/theindoorjumpingclub.com\/wp-content\/uploads\/2024\/10\/logo-jumping-indoor.png","contentUrl":"https:\/\/theindoorjumpingclub.com\/wp-content\/uploads\/2024\/10\/logo-jumping-indoor.png","width":180,"height":66,"caption":"The Indoor Jumping Club"},"image":{"@id":"https:\/\/theindoorjumpingclub.com\/es\/#\/schema\/logo\/image\/"}}]}},"_links":{"self":[{"href":"https:\/\/theindoorjumpingclub.com\/es\/wp-json\/wp\/v2\/pages\/8649","targetHints":{"allow":["GET"]}}],"collection":[{"href":"https:\/\/theindoorjumpingclub.com\/es\/wp-json\/wp\/v2\/pages"}],"about":[{"href":"https:\/\/theindoorjumpingclub.com\/es\/wp-json\/wp\/v2\/types\/page"}],"author":[{"embeddable":true,"href":"https:\/\/theindoorjumpingclub.com\/es\/wp-json\/wp\/v2\/users\/2"}],"replies":[{"embeddable":true,"href":"https:\/\/theindoorjumpingclub.com\/es\/wp-json\/wp\/v2\/comments?post=8649"}],"version-history":[{"count":10,"href":"https:\/\/theindoorjumpingclub.com\/es\/wp-json\/wp\/v2\/pages\/8649\/revisions"}],"predecessor-version":[{"id":21131,"href":"https:\/\/theindoorjumpingclub.com\/es\/wp-json\/wp\/v2\/pages\/8649\/revisions\/21131"}],"up":[{"embeddable":true,"href":"https:\/\/theindoorjumpingclub.com\/es\/wp-json\/wp\/v2\/pages\/1370"}],"wp:attachment":[{"href":"https:\/\/theindoorjumpingclub.com\/es\/wp-json\/wp\/v2\/media?parent=8649"}],"curies":[{"name":"wp","href":"https:\/\/api.w.org\/{rel}","templated":true}]}}