{"id":8516,"date":"2024-11-19T18:08:15","date_gmt":"2024-11-19T17:08:15","guid":{"rendered":"https:\/\/theindoorjumpingclub.com\/?page_id=8516"},"modified":"2025-07-09T13:30:30","modified_gmt":"2025-07-09T11:30:30","slug":"quienes-somos","status":"publish","type":"page","link":"https:\/\/theindoorjumpingclub.com\/es\/lleida\/quienes-somos\/","title":{"rendered":"\u00bfQui\u00e9nes somos? &#8211; LLEIDA &#8211; ES"},"content":{"rendered":"\t\t<div data-elementor-type=\"wp-page\" data-elementor-id=\"8516\" class=\"elementor elementor-8516 elementor-6859\" data-elementor-post-type=\"page\">\n\t\t\t\t<div class=\"elementor-element elementor-element-552d0ae9 e-flex e-con-boxed e-con e-parent\" data-id=\"552d0ae9\" data-element_type=\"container\" data-e-type=\"container\">\n\t\t\t\t\t<div class=\"e-con-inner\">\n\t\t\t\t<div class=\"elementor-element elementor-element-539a54f7 elementor-widget elementor-widget-heading\" data-id=\"539a54f7\" data-element_type=\"widget\" data-e-type=\"widget\" data-widget_type=\"heading.default\">\n\t\t\t\t<div class=\"elementor-widget-container\">\n\t\t\t\t\t<h1 class=\"elementor-heading-title elementor-size-default\">THE INDOOR JUMPING CLUB LLEIDA: \u00bfQUI\u00c9NES SOMOS?<\/h1>\t\t\t\t<\/div>\n\t\t\t\t<\/div>\n\t\t\t\t\t<\/div>\n\t\t\t\t<\/div>\n\t\t<div class=\"elementor-element elementor-element-37e31cc4 e-flex e-con-boxed e-con e-parent\" data-id=\"37e31cc4\" data-element_type=\"container\" data-e-type=\"container\">\n\t\t\t\t\t<div class=\"e-con-inner\">\n\t\t<div class=\"elementor-element elementor-element-1ba4e86c e-con-full e-flex e-con e-child\" data-id=\"1ba4e86c\" data-element_type=\"container\" data-e-type=\"container\" data-settings=\"{&quot;background_background&quot;:&quot;classic&quot;}\">\n\t\t\t\t<div class=\"elementor-element elementor-element-5b5efaa9 elementor-widget elementor-widget-text-editor\" data-id=\"5b5efaa9\" data-element_type=\"widget\" data-e-type=\"widget\" data-widget_type=\"text-editor.default\">\n\t\t\t\t<div class=\"elementor-widget-container\">\n\t\t\t\t\t\t\t\t\t<p>The Indoor Jumping Club es un proyecto del grupo\u00a0<strong><a href=\"https:\/\/cet10.com\/es\" target=\"_blank\" rel=\"noopener\">CET10.<\/a><\/strong>\u00a0Nace como\u00a0<strong>el primer <i>trampoline park <\/i>de la ciudad de Barcelona<\/strong> a finales de 2016, con 750 metros cuadrados dedicados en exclusiva a las camas el\u00e1sticas y desde ese momento, y gracias al \u00e9xito de aquella propuesta, nos hemos dejado de hacer mejoras a\u00f1o tras a\u00f1o, actualmente el The Indoor Jumping Barcelona se encuentra en la calle Per\u00fa 230 de Barcelona y es un \u00e9xito de p\u00fablico para los asistentes y por la percepci\u00f3n del espacio.\u00a0<\/p><p>Con el objetivo de ser una referencia dentro de la ciudad, no por nuestras dimensiones, sino precisamente por la proximidad dentro de a la ciudad siendo accesible en transporte p\u00fablico o a pie, con materiales de primera calidad y con un servicio de calidad. Construyendo unas instalaciones donde el usuario se sienta c\u00f3modo y confortable en un espacio inmersivo que juega con luces y un dise\u00f1o pensado para disfrutar de unos espacios de diversi\u00f3n aptos para todos los p\u00fablicos. <span style=\"text-align: var(--text-align); background-color: rgba(255, 255, 255, 0); letter-spacing: var(--the7-base-letter-spacing); text-transform: var(--the7-base-text-transform); word-spacing: normal;\">Ahora nos llevamos esta experiencia a la ciudad de Lleida, un espacio donde el deporte y el ocio se dan la mano para dar la bienvenida a familias, centros educativos, empresas y toda aquella persona que quiera disfrutar de un salto seguro.<\/span><\/p><p>The Indoor Jumping Club cuenta con:\u00a0<\/p>\t\t\t\t\t\t\t\t<\/div>\n\t\t\t\t<\/div>\n\t\t\t\t<div class=\"elementor-element elementor-element-5e32982 elementor-icon-list--layout-traditional elementor-list-item-link-full_width elementor-widget elementor-widget-icon-list\" data-id=\"5e32982\" data-element_type=\"widget\" data-e-type=\"widget\" data-widget_type=\"icon-list.default\">\n\t\t\t\t<div class=\"elementor-widget-container\">\n\t\t\t\t\t\t\t<ul class=\"elementor-icon-list-items\">\n\t\t\t\t\t\t\t<li class=\"elementor-icon-list-item\">\n\t\t\t\t\t\t\t\t\t\t\t<span class=\"elementor-icon-list-icon\">\n\t\t\t\t\t\t\t<svg aria-hidden=\"true\" class=\"e-font-icon-svg e-fas-check-circle\" viewBox=\"0 0 512 512\" xmlns=\"http:\/\/www.w3.org\/2000\/svg\"><path d=\"M504 256c0 136.967-111.033 248-248 248S8 392.967 8 256 119.033 8 256 8s248 111.033 248 248zM227.314 387.314l184-184c6.248-6.248 6.248-16.379 0-22.627l-22.627-22.627c-6.248-6.249-16.379-6.249-22.628 0L216 308.118l-70.059-70.059c-6.248-6.248-16.379-6.248-22.628 0l-22.627 22.627c-6.248 6.248-6.248 16.379 0 22.627l104 104c6.249 6.249 16.379 6.249 22.628.001z\"><\/path><\/svg>\t\t\t\t\t\t<\/span>\n\t\t\t\t\t\t\t\t\t\t<span class=\"elementor-icon-list-text\">Camas y protecciones que cumplen las normativas europeas de seguridad y vigentes en el sector. <\/span>\n\t\t\t\t\t\t\t\t\t<\/li>\n\t\t\t\t\t\t\t\t<li class=\"elementor-icon-list-item\">\n\t\t\t\t\t\t\t\t\t\t\t<span class=\"elementor-icon-list-icon\">\n\t\t\t\t\t\t\t<svg aria-hidden=\"true\" class=\"e-font-icon-svg e-fas-check-circle\" viewBox=\"0 0 512 512\" xmlns=\"http:\/\/www.w3.org\/2000\/svg\"><path d=\"M504 256c0 136.967-111.033 248-248 248S8 392.967 8 256 119.033 8 256 8s248 111.033 248 248zM227.314 387.314l184-184c6.248-6.248 6.248-16.379 0-22.627l-22.627-22.627c-6.248-6.249-16.379-6.249-22.628 0L216 308.118l-70.059-70.059c-6.248-6.248-16.379-6.248-22.628 0l-22.627 22.627c-6.248 6.248-6.248 16.379 0 22.627l104 104c6.249 6.249 16.379 6.249 22.628.001z\"><\/path><\/svg>\t\t\t\t\t\t<\/span>\n\t\t\t\t\t\t\t\t\t\t<span class=\"elementor-icon-list-text\">Una iluminaci\u00f3n puntera a cargo de la empresa 1Team.<\/span>\n\t\t\t\t\t\t\t\t\t<\/li>\n\t\t\t\t\t\t\t\t<li class=\"elementor-icon-list-item\">\n\t\t\t\t\t\t\t\t\t\t\t<span class=\"elementor-icon-list-icon\">\n\t\t\t\t\t\t\t<svg aria-hidden=\"true\" class=\"e-font-icon-svg e-fas-check-circle\" viewBox=\"0 0 512 512\" xmlns=\"http:\/\/www.w3.org\/2000\/svg\"><path d=\"M504 256c0 136.967-111.033 248-248 248S8 392.967 8 256 119.033 8 256 8s248 111.033 248 248zM227.314 387.314l184-184c6.248-6.248 6.248-16.379 0-22.627l-22.627-22.627c-6.248-6.249-16.379-6.249-22.628 0L216 308.118l-70.059-70.059c-6.248-6.248-16.379-6.248-22.628 0l-22.627 22.627c-6.248 6.248-6.248 16.379 0 22.627l104 104c6.249 6.249 16.379 6.249 22.628.001z\"><\/path><\/svg>\t\t\t\t\t\t<\/span>\n\t\t\t\t\t\t\t\t\t\t<span class=\"elementor-icon-list-text\">La misma filosof\u00eda con la que empezamos: seguridad, diversi\u00f3n y proximidad.<\/span>\n\t\t\t\t\t\t\t\t\t<\/li>\n\t\t\t\t\t\t<\/ul>\n\t\t\t\t\t\t<\/div>\n\t\t\t\t<\/div>\n\t\t\t\t<div class=\"elementor-element elementor-element-d742d56 elementor-widget elementor-widget-text-editor\" data-id=\"d742d56\" data-element_type=\"widget\" data-e-type=\"widget\" data-widget_type=\"text-editor.default\">\n\t\t\t\t<div class=\"elementor-widget-container\">\n\t\t\t\t\t\t\t\t\t<p>Queremos que <strong>The Indoor Jumping Club Lleida<\/strong> sea un centro de referencia de ocio dentro de la ciudad donde es bienvenido todo el mundo.<\/p><p><span style=\"text-align: var(--text-align); background-color: rgba(255, 255, 255, 0); letter-spacing: var(--the7-base-letter-spacing); text-transform: var(--the7-base-text-transform); word-spacing: normal;\">El horario del centro es de jueves a viernes de 17 h a 21 h y los fines de semana, festivos, y vacaciones escolares de 10 h a 14 h y 17 h a 21 h. Pero, por otro lado, pod\u00e9is venir siempre que quer\u00e1is con reserva previa de grupo, y tambi\u00e9n, pod\u00e9is disfrutar de todo el espacio en exclusiva.\u00a0<\/span><span style=\"text-align: var(--text-align); background-color: rgba(255, 255, 255, 0); letter-spacing: var(--the7-base-letter-spacing); text-transform: var(--the7-base-text-transform); word-spacing: normal;\">Nos encontrar\u00e9is en la calle Bar\u00f3 de Maials 8, 25005 Lleida a 3 minutos a pie de la Llotja y a 7 minutos a pie de la estaci\u00f3n de Renfe. Y si eres adulto recuerda: 10 minutos de salto equivalen a 30 minutos de carrera y a un viaje inolvidable a nuestra infancia, deporte y salud a un salto de distancia.\u00a0<\/span><span style=\"text-align: var(--text-align); background-color: rgba(255, 255, 255, 0); letter-spacing: var(--the7-base-letter-spacing); text-transform: var(--the7-base-text-transform); word-spacing: normal;\">\u00a1Vis\u00edtanos y convi\u00e9rtete en un jumper!<\/span><\/p>\t\t\t\t\t\t\t\t<\/div>\n\t\t\t\t<\/div>\n\t\t\t\t<\/div>\n\t\t<div class=\"elementor-element elementor-element-1fe322f9 e-con-full e-flex e-con e-child\" data-id=\"1fe322f9\" data-element_type=\"container\" data-e-type=\"container\">\n\t\t\t\t<div class=\"elementor-element elementor-element-3831b860 elementor-widget elementor-widget-image\" data-id=\"3831b860\" data-element_type=\"widget\" data-e-type=\"widget\" data-widget_type=\"image.default\">\n\t\t\t\t<div class=\"elementor-widget-container\">\n\t\t\t\t\t\t\t\t\t\t\t\t\t\t\t<img fetchpriority=\"high\" decoding=\"async\" width=\"570\" height=\"454\" src=\"https:\/\/theindoorjumpingclub.com\/wp-content\/uploads\/2025\/07\/llits-elastics-camas-elasticas-jumping-lleida-qui-som.webp\" class=\"attachment-large size-large wp-image-18763\" alt=\"The Indoor Jumping Club Lleida entrada\" srcset=\"https:\/\/theindoorjumpingclub.com\/wp-content\/uploads\/2025\/07\/llits-elastics-camas-elasticas-jumping-lleida-qui-som.webp 570w, https:\/\/theindoorjumpingclub.com\/wp-content\/uploads\/2025\/07\/llits-elastics-camas-elasticas-jumping-lleida-qui-som-300x239.webp 300w\" sizes=\"(max-width: 570px) 100vw, 570px\" \/>\t\t\t\t\t\t\t\t\t\t\t\t\t\t\t<\/div>\n\t\t\t\t<\/div>\n\t\t\t\t<div class=\"elementor-element elementor-element-2d138daa elementor-widget elementor-widget-image\" data-id=\"2d138daa\" data-element_type=\"widget\" data-e-type=\"widget\" data-widget_type=\"image.default\">\n\t\t\t\t<div class=\"elementor-widget-container\">\n\t\t\t\t\t\t\t\t\t\t\t\t\t\t\t<img decoding=\"async\" width=\"570\" height=\"454\" src=\"https:\/\/theindoorjumpingclub.com\/wp-content\/uploads\/2025\/07\/jumping-camas-elasticas-lleida.webp\" class=\"attachment-large size-large wp-image-18665\" alt=\"Jumping Lleida\" srcset=\"https:\/\/theindoorjumpingclub.com\/wp-content\/uploads\/2025\/07\/jumping-camas-elasticas-lleida.webp 570w, https:\/\/theindoorjumpingclub.com\/wp-content\/uploads\/2025\/07\/jumping-camas-elasticas-lleida-300x239.webp 300w\" sizes=\"(max-width: 570px) 100vw, 570px\" \/>\t\t\t\t\t\t\t\t\t\t\t\t\t\t\t<\/div>\n\t\t\t\t<\/div>\n\t\t\t\t<\/div>\n\t\t\t\t\t<\/div>\n\t\t\t\t<\/div>\n\t\t<div class=\"elementor-element elementor-element-ed8f0c2 e-flex e-con-boxed e-con e-parent\" data-id=\"ed8f0c2\" data-element_type=\"container\" data-e-type=\"container\">\n\t\t\t\t\t<div class=\"e-con-inner\">\n\t\t\t\t<div class=\"elementor-element elementor-element-722dc9f elementor-widget elementor-widget-html\" data-id=\"722dc9f\" data-element_type=\"widget\" data-e-type=\"widget\" data-widget_type=\"html.default\">\n\t\t\t\t<div class=\"elementor-widget-container\">\n\t\t\t\t\t<style>\r\n\r\n.scroll-top {\r\n    display: none\r\n}\r\n<\/style>\t\t\t\t<\/div>\n\t\t\t\t<\/div>\n\t\t\t\t\t<\/div>\n\t\t\t\t<\/div>\n\t\t<div class=\"elementor-element elementor-element-7b36c0b6 e-con-full e-flex e-con e-parent\" data-id=\"7b36c0b6\" data-element_type=\"container\" data-e-type=\"container\" data-settings=\"{&quot;position&quot;:&quot;fixed&quot;}\">\n\t\t\t\t<div class=\"elementor-element elementor-element-8384738 elementor-widget elementor-widget-image\" data-id=\"8384738\" data-element_type=\"widget\" data-e-type=\"widget\" data-widget_type=\"image.default\">\n\t\t\t\t<div class=\"elementor-widget-container\">\n\t\t\t\t\t\t\t\t\t\t\t\t\t\t\t\t<a href=\"https:\/\/wa.me\/34697804710?\" target=\"_blank\" rel=\"nofollow\">\n\t\t\t\t\t\t\t<img decoding=\"async\" width=\"89\" height=\"91\" src=\"https:\/\/theindoorjumpingclub.com\/wp-content\/uploads\/2025\/01\/whatsapp-boton.png\" class=\"attachment-large size-large wp-image-11654\" alt=\"whatsapp\" \/>\t\t\t\t\t\t\t\t<\/a>\n\t\t\t\t\t\t\t\t\t\t\t\t\t\t\t<\/div>\n\t\t\t\t<\/div>\n\t\t\t\t<\/div>\n\t\t\t\t<\/div>\n\t\t","protected":false},"excerpt":{"rendered":"<p>THE INDOOR JUMPING CLUB LLEIDA: \u00bfQUI\u00c9NES SOMOS? The Indoor Jumping Club es un proyecto del grupo\u00a0CET10.\u00a0Nace como\u00a0el primer trampoline park de la ciudad de Barcelona a finales de 2016, con 750 metros cuadrados dedicados en exclusiva a las camas el\u00e1sticas y desde ese momento, y gracias al \u00e9xito de aquella propuesta, nos hemos dejado de&hellip;<\/p>\n","protected":false},"author":2,"featured_media":0,"parent":1370,"menu_order":0,"comment_status":"closed","ping_status":"closed","template":"","meta":{"footnotes":""},"class_list":["post-8516","page","type-page","status-publish","hentry"],"yoast_head":"<!-- This site is optimized with the Yoast SEO plugin v27.1.1 - https:\/\/yoast.com\/product\/yoast-seo-wordpress\/ -->\n<title>\u00bfQui\u00e9nes somos? | The Indoor Jumping Club Lleida<\/title>\n<meta name=\"description\" content=\"The Indoor Jumping Club Lleida es el primer trampoline park de Lleida. Contamos con m\u00e1s de 40 atracciones: camas el\u00e1sticas, slackline...\" \/>\n<meta name=\"robots\" content=\"index, follow, max-snippet:-1, max-image-preview:large, max-video-preview:-1\" \/>\n<link rel=\"canonical\" href=\"https:\/\/theindoorjumpingclub.com\/es\/lleida\/quienes-somos\/\" \/>\n<meta property=\"og:locale\" content=\"es_ES\" \/>\n<meta property=\"og:type\" content=\"article\" \/>\n<meta property=\"og:title\" content=\"\u00bfQui\u00e9nes somos? | The Indoor Jumping Club Lleida\" \/>\n<meta property=\"og:description\" content=\"The Indoor Jumping Club Lleida es el primer trampoline park de Lleida. Contamos con m\u00e1s de 40 atracciones: camas el\u00e1sticas, slackline...\" \/>\n<meta property=\"og:url\" content=\"https:\/\/theindoorjumpingclub.com\/es\/lleida\/quienes-somos\/\" \/>\n<meta property=\"og:site_name\" content=\"The Indoor Jumping Club\" \/>\n<meta property=\"article:modified_time\" content=\"2025-07-09T11:30:30+00:00\" \/>\n<meta property=\"og:image\" content=\"https:\/\/theindoorjumpingclub.com\/wp-content\/uploads\/2025\/07\/llits-elastics-camas-elasticas-jumping-lleida-qui-som.webp\" \/>\n<meta name=\"twitter:card\" content=\"summary_large_image\" \/>\n<meta name=\"twitter:label1\" content=\"Tiempo de lectura\" \/>\n\t<meta name=\"twitter:data1\" content=\"3 minutos\" \/>\n<script type=\"application\/ld+json\" class=\"yoast-schema-graph\">{\"@context\":\"https:\/\/schema.org\",\"@graph\":[{\"@type\":\"WebPage\",\"@id\":\"https:\/\/theindoorjumpingclub.com\/es\/lleida\/quienes-somos\/\",\"url\":\"https:\/\/theindoorjumpingclub.com\/es\/lleida\/quienes-somos\/\",\"name\":\"\u00bfQui\u00e9nes somos? | The Indoor Jumping Club Lleida\",\"isPartOf\":{\"@id\":\"https:\/\/theindoorjumpingclub.com\/es\/#website\"},\"primaryImageOfPage\":{\"@id\":\"https:\/\/theindoorjumpingclub.com\/es\/lleida\/quienes-somos\/#primaryimage\"},\"image\":{\"@id\":\"https:\/\/theindoorjumpingclub.com\/es\/lleida\/quienes-somos\/#primaryimage\"},\"thumbnailUrl\":\"https:\/\/theindoorjumpingclub.com\/wp-content\/uploads\/2025\/07\/llits-elastics-camas-elasticas-jumping-lleida-qui-som.webp\",\"datePublished\":\"2024-11-19T17:08:15+00:00\",\"dateModified\":\"2025-07-09T11:30:30+00:00\",\"description\":\"The Indoor Jumping Club Lleida es el primer trampoline park de Lleida. Contamos con m\u00e1s de 40 atracciones: camas el\u00e1sticas, slackline...\",\"breadcrumb\":{\"@id\":\"https:\/\/theindoorjumpingclub.com\/es\/lleida\/quienes-somos\/#breadcrumb\"},\"inLanguage\":\"es\",\"potentialAction\":[{\"@type\":\"ReadAction\",\"target\":[\"https:\/\/theindoorjumpingclub.com\/es\/lleida\/quienes-somos\/\"]}]},{\"@type\":\"ImageObject\",\"inLanguage\":\"es\",\"@id\":\"https:\/\/theindoorjumpingclub.com\/es\/lleida\/quienes-somos\/#primaryimage\",\"url\":\"https:\/\/theindoorjumpingclub.com\/wp-content\/uploads\/2025\/07\/llits-elastics-camas-elasticas-jumping-lleida-qui-som.webp\",\"contentUrl\":\"https:\/\/theindoorjumpingclub.com\/wp-content\/uploads\/2025\/07\/llits-elastics-camas-elasticas-jumping-lleida-qui-som.webp\"},{\"@type\":\"BreadcrumbList\",\"@id\":\"https:\/\/theindoorjumpingclub.com\/es\/lleida\/quienes-somos\/#breadcrumb\",\"itemListElement\":[{\"@type\":\"ListItem\",\"position\":1,\"name\":\"Home\",\"item\":\"https:\/\/theindoorjumpingclub.com\/es\/\"},{\"@type\":\"ListItem\",\"position\":2,\"name\":\"HOME LLEIDA &#8211; ES &#8211; NEW\",\"item\":\"https:\/\/theindoorjumpingclub.com\/es\/lleida\/\"},{\"@type\":\"ListItem\",\"position\":3,\"name\":\"\u00bfQui\u00e9nes somos? &#8211; LLEIDA &#8211; ES\"}]},{\"@type\":\"WebSite\",\"@id\":\"https:\/\/theindoorjumpingclub.com\/es\/#website\",\"url\":\"https:\/\/theindoorjumpingclub.com\/es\/\",\"name\":\"The Indoor Jumping Club\",\"description\":\"\u00a1El teu trampoline park!\",\"publisher\":{\"@id\":\"https:\/\/theindoorjumpingclub.com\/es\/#organization\"},\"potentialAction\":[{\"@type\":\"SearchAction\",\"target\":{\"@type\":\"EntryPoint\",\"urlTemplate\":\"https:\/\/theindoorjumpingclub.com\/es\/?s={search_term_string}\"},\"query-input\":{\"@type\":\"PropertyValueSpecification\",\"valueRequired\":true,\"valueName\":\"search_term_string\"}}],\"inLanguage\":\"es\"},{\"@type\":\"Organization\",\"@id\":\"https:\/\/theindoorjumpingclub.com\/es\/#organization\",\"name\":\"The Indoor Jumping Club\",\"url\":\"https:\/\/theindoorjumpingclub.com\/es\/\",\"logo\":{\"@type\":\"ImageObject\",\"inLanguage\":\"es\",\"@id\":\"https:\/\/theindoorjumpingclub.com\/es\/#\/schema\/logo\/image\/\",\"url\":\"https:\/\/theindoorjumpingclub.com\/wp-content\/uploads\/2024\/10\/logo-jumping-indoor.png\",\"contentUrl\":\"https:\/\/theindoorjumpingclub.com\/wp-content\/uploads\/2024\/10\/logo-jumping-indoor.png\",\"width\":180,\"height\":66,\"caption\":\"The Indoor Jumping Club\"},\"image\":{\"@id\":\"https:\/\/theindoorjumpingclub.com\/es\/#\/schema\/logo\/image\/\"}}]}<\/script>\n<!-- \/ Yoast SEO plugin. -->","yoast_head_json":{"title":"\u00bfQui\u00e9nes somos? | The Indoor Jumping Club Lleida","description":"The Indoor Jumping Club Lleida es el primer trampoline park de Lleida. Contamos con m\u00e1s de 40 atracciones: camas el\u00e1sticas, slackline...","robots":{"index":"index","follow":"follow","max-snippet":"max-snippet:-1","max-image-preview":"max-image-preview:large","max-video-preview":"max-video-preview:-1"},"canonical":"https:\/\/theindoorjumpingclub.com\/es\/lleida\/quienes-somos\/","og_locale":"es_ES","og_type":"article","og_title":"\u00bfQui\u00e9nes somos? | The Indoor Jumping Club Lleida","og_description":"The Indoor Jumping Club Lleida es el primer trampoline park de Lleida. Contamos con m\u00e1s de 40 atracciones: camas el\u00e1sticas, slackline...","og_url":"https:\/\/theindoorjumpingclub.com\/es\/lleida\/quienes-somos\/","og_site_name":"The Indoor Jumping Club","article_modified_time":"2025-07-09T11:30:30+00:00","og_image":[{"url":"https:\/\/theindoorjumpingclub.com\/wp-content\/uploads\/2025\/07\/llits-elastics-camas-elasticas-jumping-lleida-qui-som.webp","type":"","width":"","height":""}],"twitter_card":"summary_large_image","twitter_misc":{"Tiempo de lectura":"3 minutos"},"schema":{"@context":"https:\/\/schema.org","@graph":[{"@type":"WebPage","@id":"https:\/\/theindoorjumpingclub.com\/es\/lleida\/quienes-somos\/","url":"https:\/\/theindoorjumpingclub.com\/es\/lleida\/quienes-somos\/","name":"\u00bfQui\u00e9nes somos? | The Indoor Jumping Club Lleida","isPartOf":{"@id":"https:\/\/theindoorjumpingclub.com\/es\/#website"},"primaryImageOfPage":{"@id":"https:\/\/theindoorjumpingclub.com\/es\/lleida\/quienes-somos\/#primaryimage"},"image":{"@id":"https:\/\/theindoorjumpingclub.com\/es\/lleida\/quienes-somos\/#primaryimage"},"thumbnailUrl":"https:\/\/theindoorjumpingclub.com\/wp-content\/uploads\/2025\/07\/llits-elastics-camas-elasticas-jumping-lleida-qui-som.webp","datePublished":"2024-11-19T17:08:15+00:00","dateModified":"2025-07-09T11:30:30+00:00","description":"The Indoor Jumping Club Lleida es el primer trampoline park de Lleida. Contamos con m\u00e1s de 40 atracciones: camas el\u00e1sticas, slackline...","breadcrumb":{"@id":"https:\/\/theindoorjumpingclub.com\/es\/lleida\/quienes-somos\/#breadcrumb"},"inLanguage":"es","potentialAction":[{"@type":"ReadAction","target":["https:\/\/theindoorjumpingclub.com\/es\/lleida\/quienes-somos\/"]}]},{"@type":"ImageObject","inLanguage":"es","@id":"https:\/\/theindoorjumpingclub.com\/es\/lleida\/quienes-somos\/#primaryimage","url":"https:\/\/theindoorjumpingclub.com\/wp-content\/uploads\/2025\/07\/llits-elastics-camas-elasticas-jumping-lleida-qui-som.webp","contentUrl":"https:\/\/theindoorjumpingclub.com\/wp-content\/uploads\/2025\/07\/llits-elastics-camas-elasticas-jumping-lleida-qui-som.webp"},{"@type":"BreadcrumbList","@id":"https:\/\/theindoorjumpingclub.com\/es\/lleida\/quienes-somos\/#breadcrumb","itemListElement":[{"@type":"ListItem","position":1,"name":"Home","item":"https:\/\/theindoorjumpingclub.com\/es\/"},{"@type":"ListItem","position":2,"name":"HOME LLEIDA &#8211; ES &#8211; NEW","item":"https:\/\/theindoorjumpingclub.com\/es\/lleida\/"},{"@type":"ListItem","position":3,"name":"\u00bfQui\u00e9nes somos? &#8211; LLEIDA &#8211; ES"}]},{"@type":"WebSite","@id":"https:\/\/theindoorjumpingclub.com\/es\/#website","url":"https:\/\/theindoorjumpingclub.com\/es\/","name":"The Indoor Jumping Club","description":"\u00a1El teu trampoline park!","publisher":{"@id":"https:\/\/theindoorjumpingclub.com\/es\/#organization"},"potentialAction":[{"@type":"SearchAction","target":{"@type":"EntryPoint","urlTemplate":"https:\/\/theindoorjumpingclub.com\/es\/?s={search_term_string}"},"query-input":{"@type":"PropertyValueSpecification","valueRequired":true,"valueName":"search_term_string"}}],"inLanguage":"es"},{"@type":"Organization","@id":"https:\/\/theindoorjumpingclub.com\/es\/#organization","name":"The Indoor Jumping Club","url":"https:\/\/theindoorjumpingclub.com\/es\/","logo":{"@type":"ImageObject","inLanguage":"es","@id":"https:\/\/theindoorjumpingclub.com\/es\/#\/schema\/logo\/image\/","url":"https:\/\/theindoorjumpingclub.com\/wp-content\/uploads\/2024\/10\/logo-jumping-indoor.png","contentUrl":"https:\/\/theindoorjumpingclub.com\/wp-content\/uploads\/2024\/10\/logo-jumping-indoor.png","width":180,"height":66,"caption":"The Indoor Jumping Club"},"image":{"@id":"https:\/\/theindoorjumpingclub.com\/es\/#\/schema\/logo\/image\/"}}]}},"_links":{"self":[{"href":"https:\/\/theindoorjumpingclub.com\/es\/wp-json\/wp\/v2\/pages\/8516","targetHints":{"allow":["GET"]}}],"collection":[{"href":"https:\/\/theindoorjumpingclub.com\/es\/wp-json\/wp\/v2\/pages"}],"about":[{"href":"https:\/\/theindoorjumpingclub.com\/es\/wp-json\/wp\/v2\/types\/page"}],"author":[{"embeddable":true,"href":"https:\/\/theindoorjumpingclub.com\/es\/wp-json\/wp\/v2\/users\/2"}],"replies":[{"embeddable":true,"href":"https:\/\/theindoorjumpingclub.com\/es\/wp-json\/wp\/v2\/comments?post=8516"}],"version-history":[{"count":82,"href":"https:\/\/theindoorjumpingclub.com\/es\/wp-json\/wp\/v2\/pages\/8516\/revisions"}],"predecessor-version":[{"id":18769,"href":"https:\/\/theindoorjumpingclub.com\/es\/wp-json\/wp\/v2\/pages\/8516\/revisions\/18769"}],"up":[{"embeddable":true,"href":"https:\/\/theindoorjumpingclub.com\/es\/wp-json\/wp\/v2\/pages\/1370"}],"wp:attachment":[{"href":"https:\/\/theindoorjumpingclub.com\/es\/wp-json\/wp\/v2\/media?parent=8516"}],"curies":[{"name":"wp","href":"https:\/\/api.w.org\/{rel}","templated":true}]}}