{"id":1997,"date":"2024-10-28T18:25:25","date_gmt":"2024-10-28T17:25:25","guid":{"rendered":"https:\/\/theindoorjumpingclub.com\/?page_id=1997"},"modified":"2025-04-28T18:54:51","modified_gmt":"2025-04-28T16:54:51","slug":"mapa-sitio","status":"publish","type":"page","link":"https:\/\/theindoorjumpingclub.com\/es\/barcelona\/mapa-sitio\/","title":{"rendered":"Mapa del sitio &#8211; BCN &#8211; ES"},"content":{"rendered":"\t\t<div data-elementor-type=\"wp-page\" data-elementor-id=\"1997\" class=\"elementor elementor-1997 elementor-1927\" data-elementor-post-type=\"page\">\n\t\t\t\t<div class=\"elementor-element elementor-element-14354185 e-flex e-con-boxed e-con e-parent\" data-id=\"14354185\" data-element_type=\"container\" data-e-type=\"container\">\n\t\t\t\t\t<div class=\"e-con-inner\">\n\t\t\t\t<div class=\"elementor-element elementor-element-36fce42f elementor-widget elementor-widget-heading\" data-id=\"36fce42f\" data-element_type=\"widget\" data-e-type=\"widget\" data-widget_type=\"heading.default\">\n\t\t\t\t<div class=\"elementor-widget-container\">\n\t\t\t\t\t<h1 class=\"elementor-heading-title elementor-size-default\">MAPA DEL SITIO BARCELONA<\/h1>\t\t\t\t<\/div>\n\t\t\t\t<\/div>\n\t\t\t\t\t<\/div>\n\t\t\t\t<\/div>\n\t\t<div class=\"elementor-element elementor-element-3ea6aaaf e-flex e-con-boxed e-con e-parent\" data-id=\"3ea6aaaf\" data-element_type=\"container\" data-e-type=\"container\">\n\t\t\t\t\t<div class=\"e-con-inner\">\n\t\t<div class=\"elementor-element elementor-element-35d01aaf e-con-full e-flex e-con e-child\" data-id=\"35d01aaf\" data-element_type=\"container\" data-e-type=\"container\" data-settings=\"{&quot;background_background&quot;:&quot;classic&quot;}\">\n\t\t\t\t<div class=\"elementor-element elementor-element-7e831ecd elementor-widget elementor-widget-text-editor\" data-id=\"7e831ecd\" data-element_type=\"widget\" data-e-type=\"widget\" data-widget_type=\"text-editor.default\">\n\t\t\t\t<div class=\"elementor-widget-container\">\n\t\t\t\t\t\t\t\t\t<p><a href=\"https:\/\/theindoorjumpingclub.com\/es\/barcelona\/zona-kids-hinchables\/\">Zona Kids<\/a><\/p><p><a href=\"https:\/\/theindoorjumpingclub.com\/es\/barcelona\/zona-jumpers-camas-elasticas\/\">Zona Jumpers<\/a><\/p><p><a href=\"https:\/\/theindoorjumpingclub.com\/es\/barcelona\/fiestas-infantiles\/\">Fiesta de cumplea\u00f1os<\/a><\/p><p><a href=\"https:\/\/theindoorjumpingclub.com\/es\/barcelona\/escuelas-casales-campus\/\">Escuelas, casales y campus<\/a><\/p><p><a href=\"https:\/\/theindoorjumpingclub.com\/es\/barcelona\/empresas-y-alquiler-espacios\/\">Empresas y alquiler de espacios<\/a><\/p><p><a href=\"https:\/\/theindoorjumpingclub.com\/es\/barcelona\/saltos\/\">Aprende a saltar<\/a><\/p>\t\t\t\t\t\t\t\t<\/div>\n\t\t\t\t<\/div>\n\t\t\t\t<\/div>\n\t\t<div class=\"elementor-element elementor-element-3dcf5123 e-con-full e-flex e-con e-child\" data-id=\"3dcf5123\" data-element_type=\"container\" data-e-type=\"container\" data-settings=\"{&quot;background_background&quot;:&quot;classic&quot;}\">\n\t\t\t\t<div class=\"elementor-element elementor-element-46d53bf6 elementor-widget elementor-widget-text-editor\" data-id=\"46d53bf6\" data-element_type=\"widget\" data-e-type=\"widget\" data-widget_type=\"text-editor.default\">\n\t\t\t\t<div class=\"elementor-widget-container\">\n\t\t\t\t\t\t\t\t\t<p><a href=\"https:\/\/theindoorjumpingclub.com\/es\/barcelona\/horarios-y-precios\/\">Horarios y precios<\/a><\/p><p><a href=\"https:\/\/theindoorjumpingclub.com\/es\/barcelona\/saltos\/\">Beneficios de saltar<\/a><\/p><p><a href=\"https:\/\/theindoorjumpingclub.com\/es\/barcelona\/salto-seguro\/\">Salto seguro<\/a><\/p><p><a href=\"https:\/\/theindoorjumpingclub.com\/es\/barcelona\/faq\/\">FAQ<\/a><\/p><p><a href=\"https:\/\/theindoorjumpingclub.com\/es\/barcelona\/contacto\/\">Contacto<\/a><\/p><p><a href=\"https:\/\/theindoorjumpingclub.com\/es\/barcelona\/quienes-somos-the-indoor-jumping-club\/\">\u00bfQui\u00e9nes somos?<\/a><\/p>\t\t\t\t\t\t\t\t<\/div>\n\t\t\t\t<\/div>\n\t\t\t\t<\/div>\n\t\t<div class=\"elementor-element elementor-element-44478fcd e-con-full e-flex e-con e-child\" data-id=\"44478fcd\" data-element_type=\"container\" data-e-type=\"container\" data-settings=\"{&quot;background_background&quot;:&quot;classic&quot;}\">\n\t\t\t\t<div class=\"elementor-element elementor-element-5f16e6e3 elementor-widget elementor-widget-text-editor\" data-id=\"5f16e6e3\" data-element_type=\"widget\" data-e-type=\"widget\" data-widget_type=\"text-editor.default\">\n\t\t\t\t<div class=\"elementor-widget-container\">\n\t\t\t\t\t\t\t\t\t<p>\u00a0<a href=\"https:\/\/theindoorjumpingclub.com\/es\/barcelona\/aviso-legal\/\">Aviso legal<\/a><\/p><p><a href=\"https:\/\/theindoorjumpingclub.com\/es\/barcelona\/politica-privacidad\/\">Pol\u00edtica de privacidad<\/a><\/p><p><a href=\"https:\/\/theindoorjumpingclub.com\/es\/barcelona\/politica-de-cookies\/\">Pol\u00edtica de cookies<\/a><\/p><p><a href=\"https:\/\/theindoorjumpingclub.com\/barcelona\/politica-de-vendes-i-devolucions\">Pol\u00edtica de ventas y devoluciones<\/a><\/p>\t\t\t\t\t\t\t\t<\/div>\n\t\t\t\t<\/div>\n\t\t\t\t<\/div>\n\t\t\t\t\t<\/div>\n\t\t\t\t<\/div>\n\t\t\t\t<\/div>\n\t\t","protected":false},"excerpt":{"rendered":"<p>MAPA DEL SITIO BARCELONA Zona Kids Zona Jumpers Fiesta de cumplea\u00f1os Escuelas, casales y campus Empresas y alquiler de espacios Aprende a saltar Horarios y precios Beneficios de saltar Salto seguro FAQ Contacto \u00bfQui\u00e9nes somos? \u00a0Aviso legal Pol\u00edtica de privacidad Pol\u00edtica de cookies Pol\u00edtica de ventas y devoluciones<\/p>\n","protected":false},"author":2,"featured_media":2252,"parent":1368,"menu_order":0,"comment_status":"closed","ping_status":"closed","template":"","meta":{"footnotes":""},"class_list":["post-1997","page","type-page","status-publish","has-post-thumbnail","hentry"],"yoast_head":"<!-- This site is optimized with the Yoast SEO plugin v27.1.1 - https:\/\/yoast.com\/product\/yoast-seo-wordpress\/ -->\n<title>Mapa del sitio | The Indoor Jumping Club Barcelona<\/title>\n<meta name=\"robots\" content=\"index, follow, max-snippet:-1, max-image-preview:large, max-video-preview:-1\" \/>\n<link rel=\"canonical\" href=\"https:\/\/theindoorjumpingclub.com\/es\/barcelona\/mapa-sitio\/\" \/>\n<meta property=\"og:locale\" content=\"es_ES\" \/>\n<meta property=\"og:type\" content=\"article\" \/>\n<meta property=\"og:title\" content=\"Mapa del sitio | The Indoor Jumping Club Barcelona\" \/>\n<meta property=\"og:description\" content=\"MAPA DEL SITIO BARCELONA Zona Kids Zona Jumpers Fiesta de cumplea\u00f1os Escuelas, casales y campus Empresas y alquiler de espacios Aprende a saltar Horarios y precios Beneficios de saltar Salto seguro FAQ Contacto \u00bfQui\u00e9nes somos? \u00a0Aviso legal Pol\u00edtica de privacidad Pol\u00edtica de cookies Pol\u00edtica de ventas y devoluciones\" \/>\n<meta property=\"og:url\" content=\"https:\/\/theindoorjumpingclub.com\/es\/barcelona\/mapa-sitio\/\" \/>\n<meta property=\"og:site_name\" content=\"The Indoor Jumping Club\" \/>\n<meta property=\"article:modified_time\" content=\"2025-04-28T16:54:51+00:00\" \/>\n<meta property=\"og:image\" content=\"https:\/\/theindoorjumpingclub.com\/wp-content\/uploads\/2024\/10\/llits-elastics-jumping-1.webp\" \/>\n\t<meta property=\"og:image:width\" content=\"570\" \/>\n\t<meta property=\"og:image:height\" content=\"493\" \/>\n\t<meta property=\"og:image:type\" content=\"image\/webp\" \/>\n<meta name=\"twitter:card\" content=\"summary_large_image\" \/>\n<meta name=\"twitter:label1\" content=\"Tiempo de lectura\" \/>\n\t<meta name=\"twitter:data1\" content=\"1 minuto\" \/>\n<script type=\"application\/ld+json\" class=\"yoast-schema-graph\">{\"@context\":\"https:\/\/schema.org\",\"@graph\":[{\"@type\":\"WebPage\",\"@id\":\"https:\/\/theindoorjumpingclub.com\/es\/barcelona\/mapa-sitio\/\",\"url\":\"https:\/\/theindoorjumpingclub.com\/es\/barcelona\/mapa-sitio\/\",\"name\":\"Mapa del sitio | The Indoor Jumping Club Barcelona\",\"isPartOf\":{\"@id\":\"https:\/\/theindoorjumpingclub.com\/es\/#website\"},\"primaryImageOfPage\":{\"@id\":\"https:\/\/theindoorjumpingclub.com\/es\/barcelona\/mapa-sitio\/#primaryimage\"},\"image\":{\"@id\":\"https:\/\/theindoorjumpingclub.com\/es\/barcelona\/mapa-sitio\/#primaryimage\"},\"thumbnailUrl\":\"https:\/\/theindoorjumpingclub.com\/wp-content\/uploads\/2024\/10\/llits-elastics-jumping-1.webp\",\"datePublished\":\"2024-10-28T17:25:25+00:00\",\"dateModified\":\"2025-04-28T16:54:51+00:00\",\"breadcrumb\":{\"@id\":\"https:\/\/theindoorjumpingclub.com\/es\/barcelona\/mapa-sitio\/#breadcrumb\"},\"inLanguage\":\"es\",\"potentialAction\":[{\"@type\":\"ReadAction\",\"target\":[\"https:\/\/theindoorjumpingclub.com\/es\/barcelona\/mapa-sitio\/\"]}]},{\"@type\":\"ImageObject\",\"inLanguage\":\"es\",\"@id\":\"https:\/\/theindoorjumpingclub.com\/es\/barcelona\/mapa-sitio\/#primaryimage\",\"url\":\"https:\/\/theindoorjumpingclub.com\/wp-content\/uploads\/2024\/10\/llits-elastics-jumping-1.webp\",\"contentUrl\":\"https:\/\/theindoorjumpingclub.com\/wp-content\/uploads\/2024\/10\/llits-elastics-jumping-1.webp\",\"width\":570,\"height\":493,\"caption\":\"Camas el\u00e1sticas\"},{\"@type\":\"BreadcrumbList\",\"@id\":\"https:\/\/theindoorjumpingclub.com\/es\/barcelona\/mapa-sitio\/#breadcrumb\",\"itemListElement\":[{\"@type\":\"ListItem\",\"position\":1,\"name\":\"Home\",\"item\":\"https:\/\/theindoorjumpingclub.com\/es\/\"},{\"@type\":\"ListItem\",\"position\":2,\"name\":\"HOME BARCELONA &#8211; ES\",\"item\":\"https:\/\/theindoorjumpingclub.com\/es\/barcelona\/\"},{\"@type\":\"ListItem\",\"position\":3,\"name\":\"Mapa del sitio &#8211; BCN &#8211; ES\"}]},{\"@type\":\"WebSite\",\"@id\":\"https:\/\/theindoorjumpingclub.com\/es\/#website\",\"url\":\"https:\/\/theindoorjumpingclub.com\/es\/\",\"name\":\"The Indoor Jumping Club\",\"description\":\"\u00a1El teu trampoline park!\",\"publisher\":{\"@id\":\"https:\/\/theindoorjumpingclub.com\/es\/#organization\"},\"potentialAction\":[{\"@type\":\"SearchAction\",\"target\":{\"@type\":\"EntryPoint\",\"urlTemplate\":\"https:\/\/theindoorjumpingclub.com\/es\/?s={search_term_string}\"},\"query-input\":{\"@type\":\"PropertyValueSpecification\",\"valueRequired\":true,\"valueName\":\"search_term_string\"}}],\"inLanguage\":\"es\"},{\"@type\":\"Organization\",\"@id\":\"https:\/\/theindoorjumpingclub.com\/es\/#organization\",\"name\":\"The Indoor Jumping Club\",\"url\":\"https:\/\/theindoorjumpingclub.com\/es\/\",\"logo\":{\"@type\":\"ImageObject\",\"inLanguage\":\"es\",\"@id\":\"https:\/\/theindoorjumpingclub.com\/es\/#\/schema\/logo\/image\/\",\"url\":\"https:\/\/theindoorjumpingclub.com\/wp-content\/uploads\/2024\/10\/logo-jumping-indoor.png\",\"contentUrl\":\"https:\/\/theindoorjumpingclub.com\/wp-content\/uploads\/2024\/10\/logo-jumping-indoor.png\",\"width\":180,\"height\":66,\"caption\":\"The Indoor Jumping Club\"},\"image\":{\"@id\":\"https:\/\/theindoorjumpingclub.com\/es\/#\/schema\/logo\/image\/\"}}]}<\/script>\n<!-- \/ Yoast SEO plugin. -->","yoast_head_json":{"title":"Mapa del sitio | The Indoor Jumping Club Barcelona","robots":{"index":"index","follow":"follow","max-snippet":"max-snippet:-1","max-image-preview":"max-image-preview:large","max-video-preview":"max-video-preview:-1"},"canonical":"https:\/\/theindoorjumpingclub.com\/es\/barcelona\/mapa-sitio\/","og_locale":"es_ES","og_type":"article","og_title":"Mapa del sitio | The Indoor Jumping Club Barcelona","og_description":"MAPA DEL SITIO BARCELONA Zona Kids Zona Jumpers Fiesta de cumplea\u00f1os Escuelas, casales y campus Empresas y alquiler de espacios Aprende a saltar Horarios y precios Beneficios de saltar Salto seguro FAQ Contacto \u00bfQui\u00e9nes somos? \u00a0Aviso legal Pol\u00edtica de privacidad Pol\u00edtica de cookies Pol\u00edtica de ventas y devoluciones","og_url":"https:\/\/theindoorjumpingclub.com\/es\/barcelona\/mapa-sitio\/","og_site_name":"The Indoor Jumping Club","article_modified_time":"2025-04-28T16:54:51+00:00","og_image":[{"width":570,"height":493,"url":"https:\/\/theindoorjumpingclub.com\/wp-content\/uploads\/2024\/10\/llits-elastics-jumping-1.webp","type":"image\/webp"}],"twitter_card":"summary_large_image","twitter_misc":{"Tiempo de lectura":"1 minuto"},"schema":{"@context":"https:\/\/schema.org","@graph":[{"@type":"WebPage","@id":"https:\/\/theindoorjumpingclub.com\/es\/barcelona\/mapa-sitio\/","url":"https:\/\/theindoorjumpingclub.com\/es\/barcelona\/mapa-sitio\/","name":"Mapa del sitio | The Indoor Jumping Club Barcelona","isPartOf":{"@id":"https:\/\/theindoorjumpingclub.com\/es\/#website"},"primaryImageOfPage":{"@id":"https:\/\/theindoorjumpingclub.com\/es\/barcelona\/mapa-sitio\/#primaryimage"},"image":{"@id":"https:\/\/theindoorjumpingclub.com\/es\/barcelona\/mapa-sitio\/#primaryimage"},"thumbnailUrl":"https:\/\/theindoorjumpingclub.com\/wp-content\/uploads\/2024\/10\/llits-elastics-jumping-1.webp","datePublished":"2024-10-28T17:25:25+00:00","dateModified":"2025-04-28T16:54:51+00:00","breadcrumb":{"@id":"https:\/\/theindoorjumpingclub.com\/es\/barcelona\/mapa-sitio\/#breadcrumb"},"inLanguage":"es","potentialAction":[{"@type":"ReadAction","target":["https:\/\/theindoorjumpingclub.com\/es\/barcelona\/mapa-sitio\/"]}]},{"@type":"ImageObject","inLanguage":"es","@id":"https:\/\/theindoorjumpingclub.com\/es\/barcelona\/mapa-sitio\/#primaryimage","url":"https:\/\/theindoorjumpingclub.com\/wp-content\/uploads\/2024\/10\/llits-elastics-jumping-1.webp","contentUrl":"https:\/\/theindoorjumpingclub.com\/wp-content\/uploads\/2024\/10\/llits-elastics-jumping-1.webp","width":570,"height":493,"caption":"Camas el\u00e1sticas"},{"@type":"BreadcrumbList","@id":"https:\/\/theindoorjumpingclub.com\/es\/barcelona\/mapa-sitio\/#breadcrumb","itemListElement":[{"@type":"ListItem","position":1,"name":"Home","item":"https:\/\/theindoorjumpingclub.com\/es\/"},{"@type":"ListItem","position":2,"name":"HOME BARCELONA &#8211; ES","item":"https:\/\/theindoorjumpingclub.com\/es\/barcelona\/"},{"@type":"ListItem","position":3,"name":"Mapa del sitio &#8211; BCN &#8211; ES"}]},{"@type":"WebSite","@id":"https:\/\/theindoorjumpingclub.com\/es\/#website","url":"https:\/\/theindoorjumpingclub.com\/es\/","name":"The Indoor Jumping Club","description":"\u00a1El teu trampoline park!","publisher":{"@id":"https:\/\/theindoorjumpingclub.com\/es\/#organization"},"potentialAction":[{"@type":"SearchAction","target":{"@type":"EntryPoint","urlTemplate":"https:\/\/theindoorjumpingclub.com\/es\/?s={search_term_string}"},"query-input":{"@type":"PropertyValueSpecification","valueRequired":true,"valueName":"search_term_string"}}],"inLanguage":"es"},{"@type":"Organization","@id":"https:\/\/theindoorjumpingclub.com\/es\/#organization","name":"The Indoor Jumping Club","url":"https:\/\/theindoorjumpingclub.com\/es\/","logo":{"@type":"ImageObject","inLanguage":"es","@id":"https:\/\/theindoorjumpingclub.com\/es\/#\/schema\/logo\/image\/","url":"https:\/\/theindoorjumpingclub.com\/wp-content\/uploads\/2024\/10\/logo-jumping-indoor.png","contentUrl":"https:\/\/theindoorjumpingclub.com\/wp-content\/uploads\/2024\/10\/logo-jumping-indoor.png","width":180,"height":66,"caption":"The Indoor Jumping Club"},"image":{"@id":"https:\/\/theindoorjumpingclub.com\/es\/#\/schema\/logo\/image\/"}}]}},"_links":{"self":[{"href":"https:\/\/theindoorjumpingclub.com\/es\/wp-json\/wp\/v2\/pages\/1997","targetHints":{"allow":["GET"]}}],"collection":[{"href":"https:\/\/theindoorjumpingclub.com\/es\/wp-json\/wp\/v2\/pages"}],"about":[{"href":"https:\/\/theindoorjumpingclub.com\/es\/wp-json\/wp\/v2\/types\/page"}],"author":[{"embeddable":true,"href":"https:\/\/theindoorjumpingclub.com\/es\/wp-json\/wp\/v2\/users\/2"}],"replies":[{"embeddable":true,"href":"https:\/\/theindoorjumpingclub.com\/es\/wp-json\/wp\/v2\/comments?post=1997"}],"version-history":[{"count":22,"href":"https:\/\/theindoorjumpingclub.com\/es\/wp-json\/wp\/v2\/pages\/1997\/revisions"}],"predecessor-version":[{"id":16384,"href":"https:\/\/theindoorjumpingclub.com\/es\/wp-json\/wp\/v2\/pages\/1997\/revisions\/16384"}],"up":[{"embeddable":true,"href":"https:\/\/theindoorjumpingclub.com\/es\/wp-json\/wp\/v2\/pages\/1368"}],"wp:featuredmedia":[{"embeddable":true,"href":"https:\/\/theindoorjumpingclub.com\/es\/wp-json\/wp\/v2\/media\/2252"}],"wp:attachment":[{"href":"https:\/\/theindoorjumpingclub.com\/es\/wp-json\/wp\/v2\/media?parent=1997"}],"curies":[{"name":"wp","href":"https:\/\/api.w.org\/{rel}","templated":true}]}}