{"id":1945,"date":"2024-10-28T18:27:40","date_gmt":"2024-10-28T17:27:40","guid":{"rendered":"https:\/\/theindoorjumpingclub.com\/?page_id=1945"},"modified":"2025-01-13T11:46:17","modified_gmt":"2025-01-13T10:46:17","slug":"quienes-somos-the-indoor-jumping-club","status":"publish","type":"page","link":"https:\/\/theindoorjumpingclub.com\/es\/barcelona\/quienes-somos-the-indoor-jumping-club\/","title":{"rendered":"\u00bfQui\u00e9nes somos? &#8211; BCN &#8211; ES"},"content":{"rendered":"\t\t<div data-elementor-type=\"wp-page\" data-elementor-id=\"1945\" class=\"elementor elementor-1945 elementor-1936\" data-elementor-post-type=\"page\">\n\t\t\t\t<div class=\"elementor-element elementor-element-2ca6d4e5 e-flex e-con-boxed e-con e-parent\" data-id=\"2ca6d4e5\" data-element_type=\"container\" data-e-type=\"container\">\n\t\t\t\t\t<div class=\"e-con-inner\">\n\t\t\t\t<div class=\"elementor-element elementor-element-6c1b453c elementor-widget elementor-widget-heading\" data-id=\"6c1b453c\" data-element_type=\"widget\" data-e-type=\"widget\" data-widget_type=\"heading.default\">\n\t\t\t\t<div class=\"elementor-widget-container\">\n\t\t\t\t\t<h1 class=\"elementor-heading-title elementor-size-default\">THE INDOOR JUMPING CLUB BARCELONA: \u00bfQUI\u00c9NES SOMOS?<\/h1>\t\t\t\t<\/div>\n\t\t\t\t<\/div>\n\t\t\t\t\t<\/div>\n\t\t\t\t<\/div>\n\t\t<div class=\"elementor-element elementor-element-3d3cf4a4 e-flex e-con-boxed e-con e-parent\" data-id=\"3d3cf4a4\" data-element_type=\"container\" data-e-type=\"container\">\n\t\t\t\t\t<div class=\"e-con-inner\">\n\t\t<div class=\"elementor-element elementor-element-755cfe7f e-con-full e-flex e-con e-child\" data-id=\"755cfe7f\" data-element_type=\"container\" data-e-type=\"container\" data-settings=\"{&quot;background_background&quot;:&quot;classic&quot;}\">\n\t\t\t\t<div class=\"elementor-element elementor-element-6b32b808 elementor-widget elementor-widget-text-editor\" data-id=\"6b32b808\" data-element_type=\"widget\" data-e-type=\"widget\" data-widget_type=\"text-editor.default\">\n\t\t\t\t<div class=\"elementor-widget-container\">\n\t\t\t\t\t\t\t\t\t<p>The Indoor Jumping Club es un proyecto del grupo&nbsp;<strong><a href=\"https:\/\/cet10.com\/es\" target=\"_blank\" rel=\"noopener\">CET10.<\/a><\/strong>&nbsp;Nace como&nbsp;<strong>el primer <i>trampoline park <\/i>de la ciudad de Barcelona<\/strong>&nbsp;a finales de 2016, con 750 metros cuadrados dedicados en exclusiva a las camas el\u00e1sticas.<\/p>\n<p>A finales de 2017, se ampl\u00eda la instalaci\u00f3n ganando un espacio de 700 metros cuadrados pensado y dise\u00f1ado exclusivamente para ni\u00f1os y ni\u00f1as de 0 a 7 a\u00f1os.<\/p>\n<p>En abril de 2019, hacemos una reforma casi integral del espacio con uno de los constructores del sector punteros en el norte de Europa,&nbsp;<strong>Trampolines Europe LTD<\/strong>. El objetivo de esta reforma ha sido crear un espacio \u00fanico en la ciudad de Barcelona donde la seguridad, la innovaci\u00f3n y la experiencia del usuario alcanzan un nivel superior.<\/p>\n<p>The Indoor Jumping Club cuenta con:<\/p>\t\t\t\t\t\t\t\t<\/div>\n\t\t\t\t<\/div>\n\t\t\t\t<div class=\"elementor-element elementor-element-4aa8fbcd elementor-align-start elementor-icon-list--layout-traditional elementor-list-item-link-full_width elementor-widget elementor-widget-icon-list\" data-id=\"4aa8fbcd\" data-element_type=\"widget\" data-e-type=\"widget\" data-widget_type=\"icon-list.default\">\n\t\t\t\t<div class=\"elementor-widget-container\">\n\t\t\t\t\t\t\t<ul class=\"elementor-icon-list-items\">\n\t\t\t\t\t\t\t<li class=\"elementor-icon-list-item\">\n\t\t\t\t\t\t\t\t\t\t\t<span class=\"elementor-icon-list-icon\">\n\t\t\t\t\t\t\t<svg aria-hidden=\"true\" class=\"e-font-icon-svg e-fas-check-circle\" viewBox=\"0 0 512 512\" xmlns=\"http:\/\/www.w3.org\/2000\/svg\"><path d=\"M504 256c0 136.967-111.033 248-248 248S8 392.967 8 256 119.033 8 256 8s248 111.033 248 248zM227.314 387.314l184-184c6.248-6.248 6.248-16.379 0-22.627l-22.627-22.627c-6.248-6.249-16.379-6.249-22.628 0L216 308.118l-70.059-70.059c-6.248-6.248-16.379-6.248-22.628 0l-22.627 22.627c-6.248 6.248-6.248 16.379 0 22.627l104 104c6.249 6.249 16.379 6.249 22.628.001z\"><\/path><\/svg>\t\t\t\t\t\t<\/span>\n\t\t\t\t\t\t\t\t\t\t<span class=\"elementor-icon-list-text\">Camas y protecciones que cumplen las normativas europeas de seguridad vigentes en el sector.<\/span>\n\t\t\t\t\t\t\t\t\t<\/li>\n\t\t\t\t\t\t\t\t<li class=\"elementor-icon-list-item\">\n\t\t\t\t\t\t\t\t\t\t\t<span class=\"elementor-icon-list-icon\">\n\t\t\t\t\t\t\t<svg aria-hidden=\"true\" class=\"e-font-icon-svg e-fas-check-circle\" viewBox=\"0 0 512 512\" xmlns=\"http:\/\/www.w3.org\/2000\/svg\"><path d=\"M504 256c0 136.967-111.033 248-248 248S8 392.967 8 256 119.033 8 256 8s248 111.033 248 248zM227.314 387.314l184-184c6.248-6.248 6.248-16.379 0-22.627l-22.627-22.627c-6.248-6.249-16.379-6.249-22.628 0L216 308.118l-70.059-70.059c-6.248-6.248-16.379-6.248-22.628 0l-22.627 22.627c-6.248 6.248-6.248 16.379 0 22.627l104 104c6.249 6.249 16.379 6.249 22.628.001z\"><\/path><\/svg>\t\t\t\t\t\t<\/span>\n\t\t\t\t\t\t\t\t\t\t<span class=\"elementor-icon-list-text\">Una iluminaci\u00f3n puntera a cargo de la empresa&nbsp;<a href=\"https:\/\/www.ibersound.com\/\" target=\"blank\" style=\"font-size: 16px;letter-spacing: var(--the7-base-letter-spacing);text-transform: var(--the7-base-text-transform)\"><b>Ibersound<\/b><\/a><a href=\"https:\/\/www.ibersound.com\/\" style=\"font-size: 16px;letter-spacing: var(--the7-base-letter-spacing);text-transform: var(--the7-base-text-transform)\">.<\/a><\/span>\n\t\t\t\t\t\t\t\t\t<\/li>\n\t\t\t\t\t\t\t\t<li class=\"elementor-icon-list-item\">\n\t\t\t\t\t\t\t\t\t\t\t<span class=\"elementor-icon-list-icon\">\n\t\t\t\t\t\t\t<svg aria-hidden=\"true\" class=\"e-font-icon-svg e-fas-check-circle\" viewBox=\"0 0 512 512\" xmlns=\"http:\/\/www.w3.org\/2000\/svg\"><path d=\"M504 256c0 136.967-111.033 248-248 248S8 392.967 8 256 119.033 8 256 8s248 111.033 248 248zM227.314 387.314l184-184c6.248-6.248 6.248-16.379 0-22.627l-22.627-22.627c-6.248-6.249-16.379-6.249-22.628 0L216 308.118l-70.059-70.059c-6.248-6.248-16.379-6.248-22.628 0l-22.627 22.627c-6.248 6.248-6.248 16.379 0 22.627l104 104c6.249 6.249 16.379 6.249 22.628.001z\"><\/path><\/svg>\t\t\t\t\t\t<\/span>\n\t\t\t\t\t\t\t\t\t\t<span class=\"elementor-icon-list-text\">La misma filosof\u00eda con la que empezamos: seguridad, diversi\u00f3n y proximidad.<\/span>\n\t\t\t\t\t\t\t\t\t<\/li>\n\t\t\t\t\t\t<\/ul>\n\t\t\t\t\t\t<\/div>\n\t\t\t\t<\/div>\n\t\t\t\t<div class=\"elementor-element elementor-element-7ae9e9cf elementor-widget elementor-widget-text-editor\" data-id=\"7ae9e9cf\" data-element_type=\"widget\" data-e-type=\"widget\" data-widget_type=\"text-editor.default\">\n\t\t\t\t<div class=\"elementor-widget-container\">\n\t\t\t\t\t\t\t\t\t<div><div>The Indoor Jumping Club se ha convertido en un espacio de ocio-deportivo \u00fanico en la ciudad de Barcelona con m\u00e1s de 1.200 metros cuadrados de actividad, con una <a href=\"https:\/\/theindoorjumpingclub.com\/es\/barcelona\/zona-kids-hinchables\/\"><b>zona exclusiva<i> kids<\/i> (de 0-7 a\u00f1os)<\/b><\/a>\u00a0y una\u00a0<a href=\"https:\/\/theindoorjumpingclub.com\/es\/barcelona\/zona-jumpers-camas-elasticas\/\"><b>zona para adultos<\/b><\/a>\u00a0con m\u00e1s de 40 camas el\u00e1sticas, iluminaci\u00f3n interactiva, 2 trampolines ol\u00edmpicos,\u00a0<em>airbag<\/em>,\u00a0<em>battle bar<\/em>,\u00a0<em>jumpingsmash<\/em>, paredes interactivas, zona de bar y m\u00e1s sorpresas que preferimos que descubras en persona.<\/div><\/div><div><p>Tambi\u00e9n organizamos fiestas de cumplea\u00f1os, actividades para escuelas, empresas o grupos y cursos regulares e intensivos para aprender a saltar como un profesional o simplemente para que disfrutes m\u00e1s del salto.\u00a0<b><a href=\"https:\/\/theindoorjumpingclub.com\/es\/barcelona\/contacto\/\">Contacta con nosotros para saber m\u00e1s.<\/a><\/b><\/p><p>El horario del centro es muy amplio: abrimos de lunes a domingo y solo cerramos algunos festivos. Si quieres m\u00e1s detalles\u00a0<b><a href=\"https:\/\/theindoorjumpingclub.com\/es\/barcelona\/contacto\/\">haz clic aqu\u00ed.<\/a><\/b><\/p><p>Nos encontrar\u00e1s en la calle Per\u00fa 160-162, en el distrito de Sant Mart\u00ed de Barcelona.\u00a0<span style=\"text-align: var(--text-align); letter-spacing: var(--the7-base-letter-spacing); text-transform: var(--the7-base-text-transform); word-spacing: normal;\">Puedes venir a divertirte o a ponerte en forma, ya que\u00a0<\/span><b style=\"text-align: var(--text-align); letter-spacing: var(--the7-base-letter-spacing); text-transform: var(--the7-base-text-transform); word-spacing: normal;\"><a href=\"https:\/\/theindoorjumpingclub.com\/es\/barcelona\/beneficios-del-salto\/\">10 minutos de salto equivalen a 30 minutos de carrera.<\/a>\u00a0<\/b><span style=\"text-align: var(--text-align); letter-spacing: var(--the7-base-letter-spacing); text-transform: var(--the7-base-text-transform); word-spacing: normal;\">\u00a1Vis\u00edtanos y convi\u00e9rtete en un<\/span><i style=\"text-align: var(--text-align); letter-spacing: var(--the7-base-letter-spacing); text-transform: var(--the7-base-text-transform); word-spacing: normal;\"> jumper!<\/i><\/p><\/div>\t\t\t\t\t\t\t\t<\/div>\n\t\t\t\t<\/div>\n\t\t\t\t<\/div>\n\t\t<div class=\"elementor-element elementor-element-2540ec70 e-con-full e-flex e-con e-child\" data-id=\"2540ec70\" data-element_type=\"container\" data-e-type=\"container\">\n\t\t\t\t<div class=\"elementor-element elementor-element-3052fec7 elementor-widget elementor-widget-image\" data-id=\"3052fec7\" data-element_type=\"widget\" data-e-type=\"widget\" data-widget_type=\"image.default\">\n\t\t\t\t<div class=\"elementor-widget-container\">\n\t\t\t\t\t\t\t\t\t\t\t\t\t\t\t<img fetchpriority=\"high\" decoding=\"async\" width=\"570\" height=\"454\" src=\"https:\/\/theindoorjumpingclub.com\/wp-content\/uploads\/2024\/10\/jumping-salts-1.webp\" class=\"attachment-large size-large wp-image-927\" alt=\"camas el\u00e1sticas en Barcelona jumpnig\" srcset=\"https:\/\/theindoorjumpingclub.com\/wp-content\/uploads\/2024\/10\/jumping-salts-1.webp 570w, https:\/\/theindoorjumpingclub.com\/wp-content\/uploads\/2024\/10\/jumping-salts-1-300x239.webp 300w\" sizes=\"(max-width: 570px) 100vw, 570px\" \/>\t\t\t\t\t\t\t\t\t\t\t\t\t\t\t<\/div>\n\t\t\t\t<\/div>\n\t\t\t\t<div class=\"elementor-element elementor-element-1fb49b elementor-widget elementor-widget-image\" data-id=\"1fb49b\" data-element_type=\"widget\" data-e-type=\"widget\" data-widget_type=\"image.default\">\n\t\t\t\t<div class=\"elementor-widget-container\">\n\t\t\t\t\t\t\t\t\t\t\t\t\t\t\t<img decoding=\"async\" width=\"570\" height=\"454\" src=\"https:\/\/theindoorjumpingclub.com\/wp-content\/uploads\/2024\/10\/jumping-camas-elasticas-1.webp\" class=\"attachment-large size-large wp-image-930\" alt=\"camas el\u00e1sticas en Barcelona jumpnig\" srcset=\"https:\/\/theindoorjumpingclub.com\/wp-content\/uploads\/2024\/10\/jumping-camas-elasticas-1.webp 570w, https:\/\/theindoorjumpingclub.com\/wp-content\/uploads\/2024\/10\/jumping-camas-elasticas-1-300x239.webp 300w\" sizes=\"(max-width: 570px) 100vw, 570px\" \/>\t\t\t\t\t\t\t\t\t\t\t\t\t\t\t<\/div>\n\t\t\t\t<\/div>\n\t\t\t\t<\/div>\n\t\t\t\t\t<\/div>\n\t\t\t\t<\/div>\n\t\t\t\t<\/div>\n\t\t","protected":false},"excerpt":{"rendered":"<p>THE INDOOR JUMPING CLUB BARCELONA: \u00bfQUI\u00c9NES SOMOS? The Indoor Jumping Club es un proyecto del grupo&nbsp;CET10.&nbsp;Nace como&nbsp;el primer trampoline park de la ciudad de Barcelona&nbsp;a finales de 2016, con 750 metros cuadrados dedicados en exclusiva a las camas el\u00e1sticas. A finales de 2017, se ampl\u00eda la instalaci\u00f3n ganando un espacio de 700 metros cuadrados pensado&hellip;<\/p>\n","protected":false},"author":2,"featured_media":927,"parent":1368,"menu_order":0,"comment_status":"closed","ping_status":"closed","template":"","meta":{"footnotes":""},"class_list":["post-1945","page","type-page","status-publish","has-post-thumbnail","hentry"],"yoast_head":"<!-- This site is optimized with the Yoast SEO plugin v27.1.1 - https:\/\/yoast.com\/product\/yoast-seo-wordpress\/ -->\n<title>\u00bfQui\u00e9nes somos? | The Indoor Jumping Club Barcelona<\/title>\n<meta name=\"description\" content=\"The Indoor Jumping Club es un proyecto del grupo CET10. Nace como el primer trampoline park de la ciudad de Barcelona a finales de...\" \/>\n<meta name=\"robots\" content=\"index, follow, max-snippet:-1, max-image-preview:large, max-video-preview:-1\" \/>\n<link rel=\"canonical\" href=\"https:\/\/theindoorjumpingclub.com\/es\/barcelona\/quienes-somos-the-indoor-jumping-club\/\" \/>\n<meta property=\"og:locale\" content=\"es_ES\" \/>\n<meta property=\"og:type\" content=\"article\" \/>\n<meta property=\"og:title\" content=\"\u00bfQui\u00e9nes somos? | The Indoor Jumping Club Barcelona\" \/>\n<meta property=\"og:description\" content=\"The Indoor Jumping Club es un proyecto del grupo CET10. Nace como el primer trampoline park de la ciudad de Barcelona a finales de...\" \/>\n<meta property=\"og:url\" content=\"https:\/\/theindoorjumpingclub.com\/es\/barcelona\/quienes-somos-the-indoor-jumping-club\/\" \/>\n<meta property=\"og:site_name\" content=\"The Indoor Jumping Club\" \/>\n<meta property=\"article:modified_time\" content=\"2025-01-13T10:46:17+00:00\" \/>\n<meta property=\"og:image\" content=\"https:\/\/theindoorjumpingclub.com\/wp-content\/uploads\/2024\/10\/jumping-salts-1.webp\" \/>\n\t<meta property=\"og:image:width\" content=\"570\" \/>\n\t<meta property=\"og:image:height\" content=\"454\" \/>\n\t<meta property=\"og:image:type\" content=\"image\/webp\" \/>\n<meta name=\"twitter:card\" content=\"summary_large_image\" \/>\n<meta name=\"twitter:label1\" content=\"Tiempo de lectura\" \/>\n\t<meta name=\"twitter:data1\" content=\"2 minutos\" \/>\n<script type=\"application\/ld+json\" class=\"yoast-schema-graph\">{\"@context\":\"https:\/\/schema.org\",\"@graph\":[{\"@type\":\"WebPage\",\"@id\":\"https:\/\/theindoorjumpingclub.com\/es\/barcelona\/quienes-somos-the-indoor-jumping-club\/\",\"url\":\"https:\/\/theindoorjumpingclub.com\/es\/barcelona\/quienes-somos-the-indoor-jumping-club\/\",\"name\":\"\u00bfQui\u00e9nes somos? | The Indoor Jumping Club Barcelona\",\"isPartOf\":{\"@id\":\"https:\/\/theindoorjumpingclub.com\/es\/#website\"},\"primaryImageOfPage\":{\"@id\":\"https:\/\/theindoorjumpingclub.com\/es\/barcelona\/quienes-somos-the-indoor-jumping-club\/#primaryimage\"},\"image\":{\"@id\":\"https:\/\/theindoorjumpingclub.com\/es\/barcelona\/quienes-somos-the-indoor-jumping-club\/#primaryimage\"},\"thumbnailUrl\":\"https:\/\/theindoorjumpingclub.com\/wp-content\/uploads\/2024\/10\/jumping-salts-1.webp\",\"datePublished\":\"2024-10-28T17:27:40+00:00\",\"dateModified\":\"2025-01-13T10:46:17+00:00\",\"description\":\"The Indoor Jumping Club es un proyecto del grupo CET10. Nace como el primer trampoline park de la ciudad de Barcelona a finales de...\",\"breadcrumb\":{\"@id\":\"https:\/\/theindoorjumpingclub.com\/es\/barcelona\/quienes-somos-the-indoor-jumping-club\/#breadcrumb\"},\"inLanguage\":\"es\",\"potentialAction\":[{\"@type\":\"ReadAction\",\"target\":[\"https:\/\/theindoorjumpingclub.com\/es\/barcelona\/quienes-somos-the-indoor-jumping-club\/\"]}]},{\"@type\":\"ImageObject\",\"inLanguage\":\"es\",\"@id\":\"https:\/\/theindoorjumpingclub.com\/es\/barcelona\/quienes-somos-the-indoor-jumping-club\/#primaryimage\",\"url\":\"https:\/\/theindoorjumpingclub.com\/wp-content\/uploads\/2024\/10\/jumping-salts-1.webp\",\"contentUrl\":\"https:\/\/theindoorjumpingclub.com\/wp-content\/uploads\/2024\/10\/jumping-salts-1.webp\",\"width\":570,\"height\":454,\"caption\":\"camas el\u00e1sticas en Barcelona jumpnig\"},{\"@type\":\"BreadcrumbList\",\"@id\":\"https:\/\/theindoorjumpingclub.com\/es\/barcelona\/quienes-somos-the-indoor-jumping-club\/#breadcrumb\",\"itemListElement\":[{\"@type\":\"ListItem\",\"position\":1,\"name\":\"Home\",\"item\":\"https:\/\/theindoorjumpingclub.com\/es\/\"},{\"@type\":\"ListItem\",\"position\":2,\"name\":\"HOME BARCELONA &#8211; ES\",\"item\":\"https:\/\/theindoorjumpingclub.com\/es\/barcelona\/\"},{\"@type\":\"ListItem\",\"position\":3,\"name\":\"\u00bfQui\u00e9nes somos? &#8211; BCN &#8211; ES\"}]},{\"@type\":\"WebSite\",\"@id\":\"https:\/\/theindoorjumpingclub.com\/es\/#website\",\"url\":\"https:\/\/theindoorjumpingclub.com\/es\/\",\"name\":\"The Indoor Jumping Club\",\"description\":\"\u00a1El teu trampoline park!\",\"publisher\":{\"@id\":\"https:\/\/theindoorjumpingclub.com\/es\/#organization\"},\"potentialAction\":[{\"@type\":\"SearchAction\",\"target\":{\"@type\":\"EntryPoint\",\"urlTemplate\":\"https:\/\/theindoorjumpingclub.com\/es\/?s={search_term_string}\"},\"query-input\":{\"@type\":\"PropertyValueSpecification\",\"valueRequired\":true,\"valueName\":\"search_term_string\"}}],\"inLanguage\":\"es\"},{\"@type\":\"Organization\",\"@id\":\"https:\/\/theindoorjumpingclub.com\/es\/#organization\",\"name\":\"The Indoor Jumping Club\",\"url\":\"https:\/\/theindoorjumpingclub.com\/es\/\",\"logo\":{\"@type\":\"ImageObject\",\"inLanguage\":\"es\",\"@id\":\"https:\/\/theindoorjumpingclub.com\/es\/#\/schema\/logo\/image\/\",\"url\":\"https:\/\/theindoorjumpingclub.com\/wp-content\/uploads\/2024\/10\/logo-jumping-indoor.png\",\"contentUrl\":\"https:\/\/theindoorjumpingclub.com\/wp-content\/uploads\/2024\/10\/logo-jumping-indoor.png\",\"width\":180,\"height\":66,\"caption\":\"The Indoor Jumping Club\"},\"image\":{\"@id\":\"https:\/\/theindoorjumpingclub.com\/es\/#\/schema\/logo\/image\/\"}}]}<\/script>\n<!-- \/ Yoast SEO plugin. -->","yoast_head_json":{"title":"\u00bfQui\u00e9nes somos? | The Indoor Jumping Club Barcelona","description":"The Indoor Jumping Club es un proyecto del grupo CET10. Nace como el primer trampoline park de la ciudad de Barcelona a finales de...","robots":{"index":"index","follow":"follow","max-snippet":"max-snippet:-1","max-image-preview":"max-image-preview:large","max-video-preview":"max-video-preview:-1"},"canonical":"https:\/\/theindoorjumpingclub.com\/es\/barcelona\/quienes-somos-the-indoor-jumping-club\/","og_locale":"es_ES","og_type":"article","og_title":"\u00bfQui\u00e9nes somos? | The Indoor Jumping Club Barcelona","og_description":"The Indoor Jumping Club es un proyecto del grupo CET10. Nace como el primer trampoline park de la ciudad de Barcelona a finales de...","og_url":"https:\/\/theindoorjumpingclub.com\/es\/barcelona\/quienes-somos-the-indoor-jumping-club\/","og_site_name":"The Indoor Jumping Club","article_modified_time":"2025-01-13T10:46:17+00:00","og_image":[{"width":570,"height":454,"url":"https:\/\/theindoorjumpingclub.com\/wp-content\/uploads\/2024\/10\/jumping-salts-1.webp","type":"image\/webp"}],"twitter_card":"summary_large_image","twitter_misc":{"Tiempo de lectura":"2 minutos"},"schema":{"@context":"https:\/\/schema.org","@graph":[{"@type":"WebPage","@id":"https:\/\/theindoorjumpingclub.com\/es\/barcelona\/quienes-somos-the-indoor-jumping-club\/","url":"https:\/\/theindoorjumpingclub.com\/es\/barcelona\/quienes-somos-the-indoor-jumping-club\/","name":"\u00bfQui\u00e9nes somos? | The Indoor Jumping Club Barcelona","isPartOf":{"@id":"https:\/\/theindoorjumpingclub.com\/es\/#website"},"primaryImageOfPage":{"@id":"https:\/\/theindoorjumpingclub.com\/es\/barcelona\/quienes-somos-the-indoor-jumping-club\/#primaryimage"},"image":{"@id":"https:\/\/theindoorjumpingclub.com\/es\/barcelona\/quienes-somos-the-indoor-jumping-club\/#primaryimage"},"thumbnailUrl":"https:\/\/theindoorjumpingclub.com\/wp-content\/uploads\/2024\/10\/jumping-salts-1.webp","datePublished":"2024-10-28T17:27:40+00:00","dateModified":"2025-01-13T10:46:17+00:00","description":"The Indoor Jumping Club es un proyecto del grupo CET10. Nace como el primer trampoline park de la ciudad de Barcelona a finales de...","breadcrumb":{"@id":"https:\/\/theindoorjumpingclub.com\/es\/barcelona\/quienes-somos-the-indoor-jumping-club\/#breadcrumb"},"inLanguage":"es","potentialAction":[{"@type":"ReadAction","target":["https:\/\/theindoorjumpingclub.com\/es\/barcelona\/quienes-somos-the-indoor-jumping-club\/"]}]},{"@type":"ImageObject","inLanguage":"es","@id":"https:\/\/theindoorjumpingclub.com\/es\/barcelona\/quienes-somos-the-indoor-jumping-club\/#primaryimage","url":"https:\/\/theindoorjumpingclub.com\/wp-content\/uploads\/2024\/10\/jumping-salts-1.webp","contentUrl":"https:\/\/theindoorjumpingclub.com\/wp-content\/uploads\/2024\/10\/jumping-salts-1.webp","width":570,"height":454,"caption":"camas el\u00e1sticas en Barcelona jumpnig"},{"@type":"BreadcrumbList","@id":"https:\/\/theindoorjumpingclub.com\/es\/barcelona\/quienes-somos-the-indoor-jumping-club\/#breadcrumb","itemListElement":[{"@type":"ListItem","position":1,"name":"Home","item":"https:\/\/theindoorjumpingclub.com\/es\/"},{"@type":"ListItem","position":2,"name":"HOME BARCELONA &#8211; ES","item":"https:\/\/theindoorjumpingclub.com\/es\/barcelona\/"},{"@type":"ListItem","position":3,"name":"\u00bfQui\u00e9nes somos? &#8211; BCN &#8211; ES"}]},{"@type":"WebSite","@id":"https:\/\/theindoorjumpingclub.com\/es\/#website","url":"https:\/\/theindoorjumpingclub.com\/es\/","name":"The Indoor Jumping Club","description":"\u00a1El teu trampoline park!","publisher":{"@id":"https:\/\/theindoorjumpingclub.com\/es\/#organization"},"potentialAction":[{"@type":"SearchAction","target":{"@type":"EntryPoint","urlTemplate":"https:\/\/theindoorjumpingclub.com\/es\/?s={search_term_string}"},"query-input":{"@type":"PropertyValueSpecification","valueRequired":true,"valueName":"search_term_string"}}],"inLanguage":"es"},{"@type":"Organization","@id":"https:\/\/theindoorjumpingclub.com\/es\/#organization","name":"The Indoor Jumping Club","url":"https:\/\/theindoorjumpingclub.com\/es\/","logo":{"@type":"ImageObject","inLanguage":"es","@id":"https:\/\/theindoorjumpingclub.com\/es\/#\/schema\/logo\/image\/","url":"https:\/\/theindoorjumpingclub.com\/wp-content\/uploads\/2024\/10\/logo-jumping-indoor.png","contentUrl":"https:\/\/theindoorjumpingclub.com\/wp-content\/uploads\/2024\/10\/logo-jumping-indoor.png","width":180,"height":66,"caption":"The Indoor Jumping Club"},"image":{"@id":"https:\/\/theindoorjumpingclub.com\/es\/#\/schema\/logo\/image\/"}}]}},"_links":{"self":[{"href":"https:\/\/theindoorjumpingclub.com\/es\/wp-json\/wp\/v2\/pages\/1945","targetHints":{"allow":["GET"]}}],"collection":[{"href":"https:\/\/theindoorjumpingclub.com\/es\/wp-json\/wp\/v2\/pages"}],"about":[{"href":"https:\/\/theindoorjumpingclub.com\/es\/wp-json\/wp\/v2\/types\/page"}],"author":[{"embeddable":true,"href":"https:\/\/theindoorjumpingclub.com\/es\/wp-json\/wp\/v2\/users\/2"}],"replies":[{"embeddable":true,"href":"https:\/\/theindoorjumpingclub.com\/es\/wp-json\/wp\/v2\/comments?post=1945"}],"version-history":[{"count":22,"href":"https:\/\/theindoorjumpingclub.com\/es\/wp-json\/wp\/v2\/pages\/1945\/revisions"}],"predecessor-version":[{"id":11814,"href":"https:\/\/theindoorjumpingclub.com\/es\/wp-json\/wp\/v2\/pages\/1945\/revisions\/11814"}],"up":[{"embeddable":true,"href":"https:\/\/theindoorjumpingclub.com\/es\/wp-json\/wp\/v2\/pages\/1368"}],"wp:featuredmedia":[{"embeddable":true,"href":"https:\/\/theindoorjumpingclub.com\/es\/wp-json\/wp\/v2\/media\/927"}],"wp:attachment":[{"href":"https:\/\/theindoorjumpingclub.com\/es\/wp-json\/wp\/v2\/media?parent=1945"}],"curies":[{"name":"wp","href":"https:\/\/api.w.org\/{rel}","templated":true}]}}